{"id":6629,"date":"2025-02-24T13:16:43","date_gmt":"2025-02-24T13:16:43","guid":{"rendered":"https:\/\/callbai.com\/?page_id=6629"},"modified":"2025-04-01T09:35:40","modified_gmt":"2025-04-01T09:35:40","slug":"wsparcie-techniczne","status":"publish","type":"page","link":"https:\/\/callbai.com\/en\/wsparcie-techniczne\/","title":{"rendered":"Technical Support"},"content":{"rendered":"<div data-elementor-type=\"wp-page\" data-elementor-id=\"6629\" class=\"elementor elementor-6629\" data-elementor-post-type=\"page\">\n\t\t\t\t<div class=\"elementor-element elementor-element-4892c40 e-flex e-con-boxed e-con e-parent\" data-id=\"4892c40\" data-element_type=\"container\">\n\t\t\t\t\t<div class=\"e-con-inner\">\n\t\t<div class=\"elementor-element elementor-element-407fc4e e-con-full e-flex e-con e-child\" data-id=\"407fc4e\" data-element_type=\"container\">\n\t\t<div class=\"elementor-element elementor-element-3c871d6 e-con-full e-flex elementor-invisible e-con e-child\" data-id=\"3c871d6\" data-element_type=\"container\" data-settings=\"{&quot;animation&quot;:&quot;fadeInLeft&quot;}\">\n\t\t\t\t<div class=\"elementor-element elementor-element-e6ed415 elementor-widget elementor-widget-noxfolio-section-title\" data-id=\"e6ed415\" data-element_type=\"widget\" data-widget_type=\"noxfolio-section-title.default\">\n\t\t\t\t<div class=\"elementor-widget-container\">\n\t\t\t\t\t\t\t<div class=\"noxfolio-section-title\">\r\n\t\t\t\t\t\t<h3 class=\"title\">Technical Support \u2013 Automated Help for <span class=\"focus-text\">Problem Solving<\/span><\/h3>\t\t<\/div>\r\n\t\t\t\t\t\t<\/div>\n\t\t\t\t<\/div>\n\t\t\t\t<div class=\"elementor-element elementor-element-4f11ce9 elementor-widget elementor-widget-text-editor\" data-id=\"4f11ce9\" data-element_type=\"widget\" data-widget_type=\"text-editor.default\">\n\t\t\t\t<div class=\"elementor-widget-container\">\n\t\t\t\t\t\t\t\t\t<p data-start=\"1387\" data-end=\"1443\"><strong data-start=\"1392\" data-end=\"1441\">Fast Issue Resolution Without Waiting<\/strong><\/p><p data-start=\"1444\" data-end=\"1695\" class=\" translation-block\">Your customers don\u2019t have to wait to speak with an agent to get technical support. <strong data-start=\"1530\" data-end=\"1569\">As a virtual advisor, the VoiceBot<\/strong> answers frequently asked questions, diagnoses issues, and helps resolve them \u2014 all in real time.<\/p>\t\t\t\t\t\t\t\t<\/div>\n\t\t\t\t<\/div>\n\t\t\t\t<\/div>\n\t\t<div class=\"elementor-element elementor-element-c469a2d e-con-full e-flex elementor-invisible e-con e-child\" data-id=\"c469a2d\" data-element_type=\"container\" data-settings=\"{&quot;animation&quot;:&quot;fadeInRight&quot;}\">\n\t\t<div class=\"elementor-element elementor-element-c6114c2 e-con-full e-flex elementor-invisible e-con e-child\" data-id=\"c6114c2\" data-element_type=\"container\" data-settings=\"{&quot;animation&quot;:&quot;fadeInRight&quot;}\">\n\t\t\t\t<div class=\"elementor-element elementor-element-24e2d05 elementor-widget elementor-widget-n-accordion\" data-id=\"24e2d05\" data-element_type=\"widget\" data-settings=\"{&quot;default_state&quot;:&quot;expanded&quot;,&quot;max_items_expended&quot;:&quot;one&quot;,&quot;n_accordion_animation_duration&quot;:{&quot;unit&quot;:&quot;ms&quot;,&quot;size&quot;:400,&quot;sizes&quot;:[]}}\" data-widget_type=\"nested-accordion.default\">\n\t\t\t\t<div class=\"elementor-widget-container\">\n\t\t\t\t\t\t\t<div class=\"e-n-accordion\" aria-label=\"Accordion. Open links with Enter or Space, close with Escape, and navigate with Arrow Keys\">\n\t\t\t\t\t\t<details id=\"e-n-accordion-item-3860\" class=\"e-n-accordion-item\" open>\n\t\t\t\t<summary class=\"e-n-accordion-item-title\" data-accordion-index=\"1\" tabindex=\"0\" aria-expanded=\"true\" aria-controls=\"e-n-accordion-item-3860\" >\n\t\t\t\t\t<span class='e-n-accordion-item-title-header'><div class=\"e-n-accordion-item-title-text\"> Automatic problem diagnosis <\/div><\/span>\n\t\t\t\t\t\t\t<span class='e-n-accordion-item-title-icon'>\n\t\t\t<span class='e-opened' ><svg aria-hidden=\"true\" class=\"e-font-icon-svg e-fas-angle-down\" viewbox=\"0 0 320 512\" xmlns=\"http:\/\/www.w3.org\/2000\/svg\"><path d=\"M143 352.3L7 216.3c-9.4-9.4-9.4-24.6 0-33.9l22.6-22.6c9.4-9.4 24.6-9.4 33.9 0l96.4 96.4 96.4-96.4c9.4-9.4 24.6-9.4 33.9 0l22.6 22.6c9.4 9.4 9.4 24.6 0 33.9l-136 136c-9.2 9.4-24.4 9.4-33.8 0z\"><\/path><\/svg><\/span>\n\t\t\t<span class='e-closed'><svg aria-hidden=\"true\" class=\"e-font-icon-svg e-fas-angle-right\" viewbox=\"0 0 256 512\" xmlns=\"http:\/\/www.w3.org\/2000\/svg\"><path d=\"M224.3 273l-136 136c-9.4 9.4-24.6 9.4-33.9 0l-22.6-22.6c-9.4-9.4-9.4-24.6 0-33.9l96.4-96.4-96.4-96.4c-9.4-9.4-9.4-24.6 0-33.9L54.3 103c9.4-9.4 24.6-9.4 33.9 0l136 136c9.5 9.4 9.5 24.6.1 34z\"><\/path><\/svg><\/span>\n\t\t<\/span>\n\n\t\t\t\t\t\t<\/summary>\n\t\t\t\t<div role=\"region\" aria-labelledby=\"e-n-accordion-item-3860\" class=\"elementor-element elementor-element-d8957bf e-con-full e-flex e-con e-child\" data-id=\"d8957bf\" data-element_type=\"container\">\n\t\t\t\t<div class=\"elementor-element elementor-element-dfa8d44 elementor-widget elementor-widget-text-editor\" data-id=\"dfa8d44\" data-element_type=\"widget\" data-widget_type=\"text-editor.default\">\n\t\t\t\t<div class=\"elementor-widget-container\">\n\t\t\t\t\t\t\t\t\t<p>Analyzes the request and suggests step-by-step solutions.<\/p>\t\t\t\t\t\t\t\t<\/div>\n\t\t\t\t<\/div>\n\t\t\t\t<\/div>\n\t\t\t\t\t<\/details>\n\t\t\t\t\t\t<details id=\"e-n-accordion-item-3861\" class=\"e-n-accordion-item\" >\n\t\t\t\t<summary class=\"e-n-accordion-item-title\" data-accordion-index=\"2\" tabindex=\"-1\" aria-expanded=\"false\" aria-controls=\"e-n-accordion-item-3861\" >\n\t\t\t\t\t<span class='e-n-accordion-item-title-header'><div class=\"e-n-accordion-item-title-text\"> Handling simple issues <\/div><\/span>\n\t\t\t\t\t\t\t<span class='e-n-accordion-item-title-icon'>\n\t\t\t<span class='e-opened' ><svg aria-hidden=\"true\" class=\"e-font-icon-svg e-fas-angle-down\" viewbox=\"0 0 320 512\" xmlns=\"http:\/\/www.w3.org\/2000\/svg\"><path d=\"M143 352.3L7 216.3c-9.4-9.4-9.4-24.6 0-33.9l22.6-22.6c9.4-9.4 24.6-9.4 33.9 0l96.4 96.4 96.4-96.4c9.4-9.4 24.6-9.4 33.9 0l22.6 22.6c9.4 9.4 9.4 24.6 0 33.9l-136 136c-9.2 9.4-24.4 9.4-33.8 0z\"><\/path><\/svg><\/span>\n\t\t\t<span class='e-closed'><svg aria-hidden=\"true\" class=\"e-font-icon-svg e-fas-angle-right\" viewbox=\"0 0 256 512\" xmlns=\"http:\/\/www.w3.org\/2000\/svg\"><path d=\"M224.3 273l-136 136c-9.4 9.4-24.6 9.4-33.9 0l-22.6-22.6c-9.4-9.4-9.4-24.6 0-33.9l96.4-96.4-96.4-96.4c-9.4-9.4-9.4-24.6 0-33.9L54.3 103c9.4-9.4 24.6-9.4 33.9 0l136 136c9.5 9.4 9.5 24.6.1 34z\"><\/path><\/svg><\/span>\n\t\t<\/span>\n\n\t\t\t\t\t\t<\/summary>\n\t\t\t\t<div role=\"region\" aria-labelledby=\"e-n-accordion-item-3861\" class=\"elementor-element elementor-element-22cf484 e-con-full e-flex e-con e-child\" data-id=\"22cf484\" data-element_type=\"container\">\n\t\t\t\t<div class=\"elementor-element elementor-element-a1efe33 elementor-widget elementor-widget-text-editor\" data-id=\"a1efe33\" data-element_type=\"widget\" data-widget_type=\"text-editor.default\">\n\t\t\t\t<div class=\"elementor-widget-container\">\n\t\t\t\t\t\t\t\t\t<p>Quickly resolves routine problems.<\/p>\t\t\t\t\t\t\t\t<\/div>\n\t\t\t\t<\/div>\n\t\t\t\t<\/div>\n\t\t\t\t\t<\/details>\n\t\t\t\t\t\t<details id=\"e-n-accordion-item-3862\" class=\"e-n-accordion-item\" >\n\t\t\t\t<summary class=\"e-n-accordion-item-title\" data-accordion-index=\"3\" tabindex=\"-1\" aria-expanded=\"false\" aria-controls=\"e-n-accordion-item-3862\" >\n\t\t\t\t\t<span class='e-n-accordion-item-title-header'><div class=\"e-n-accordion-item-title-text\"> Seamless handover to an agent <\/div><\/span>\n\t\t\t\t\t\t\t<span class='e-n-accordion-item-title-icon'>\n\t\t\t<span class='e-opened' ><svg aria-hidden=\"true\" class=\"e-font-icon-svg e-fas-angle-down\" viewbox=\"0 0 320 512\" xmlns=\"http:\/\/www.w3.org\/2000\/svg\"><path d=\"M143 352.3L7 216.3c-9.4-9.4-9.4-24.6 0-33.9l22.6-22.6c9.4-9.4 24.6-9.4 33.9 0l96.4 96.4 96.4-96.4c9.4-9.4 24.6-9.4 33.9 0l22.6 22.6c9.4 9.4 9.4 24.6 0 33.9l-136 136c-9.2 9.4-24.4 9.4-33.8 0z\"><\/path><\/svg><\/span>\n\t\t\t<span class='e-closed'><svg aria-hidden=\"true\" class=\"e-font-icon-svg e-fas-angle-right\" viewbox=\"0 0 256 512\" xmlns=\"http:\/\/www.w3.org\/2000\/svg\"><path d=\"M224.3 273l-136 136c-9.4 9.4-24.6 9.4-33.9 0l-22.6-22.6c-9.4-9.4-9.4-24.6 0-33.9l96.4-96.4-96.4-96.4c-9.4-9.4-9.4-24.6 0-33.9L54.3 103c9.4-9.4 24.6-9.4 33.9 0l136 136c9.5 9.4 9.5 24.6.1 34z\"><\/path><\/svg><\/span>\n\t\t<\/span>\n\n\t\t\t\t\t\t<\/summary>\n\t\t\t\t<div role=\"region\" aria-labelledby=\"e-n-accordion-item-3862\" class=\"elementor-element elementor-element-efed1ca e-con-full e-flex e-con e-child\" data-id=\"efed1ca\" data-element_type=\"container\">\n\t\t\t\t<div class=\"elementor-element elementor-element-74885bf elementor-widget elementor-widget-text-editor\" data-id=\"74885bf\" data-element_type=\"widget\" data-widget_type=\"text-editor.default\">\n\t\t\t\t<div class=\"elementor-widget-container\">\n\t\t\t\t\t\t\t\t\t<p>Transfers more complex cases directly to a consultant.<\/p>\t\t\t\t\t\t\t\t<\/div>\n\t\t\t\t<\/div>\n\t\t\t\t<\/div>\n\t\t\t\t\t<\/details>\n\t\t\t\t\t\t<details id=\"e-n-accordion-item-3863\" class=\"e-n-accordion-item\" >\n\t\t\t\t<summary class=\"e-n-accordion-item-title\" data-accordion-index=\"4\" tabindex=\"-1\" aria-expanded=\"false\" aria-controls=\"e-n-accordion-item-3863\" >\n\t\t\t\t\t<span class='e-n-accordion-item-title-header'><div class=\"e-n-accordion-item-title-text\"> Available 24\/7 <\/div><\/span>\n\t\t\t\t\t\t\t<span class='e-n-accordion-item-title-icon'>\n\t\t\t<span class='e-opened' ><svg aria-hidden=\"true\" class=\"e-font-icon-svg e-fas-angle-down\" viewbox=\"0 0 320 512\" xmlns=\"http:\/\/www.w3.org\/2000\/svg\"><path d=\"M143 352.3L7 216.3c-9.4-9.4-9.4-24.6 0-33.9l22.6-22.6c9.4-9.4 24.6-9.4 33.9 0l96.4 96.4 96.4-96.4c9.4-9.4 24.6-9.4 33.9 0l22.6 22.6c9.4 9.4 9.4 24.6 0 33.9l-136 136c-9.2 9.4-24.4 9.4-33.8 0z\"><\/path><\/svg><\/span>\n\t\t\t<span class='e-closed'><svg aria-hidden=\"true\" class=\"e-font-icon-svg e-fas-angle-right\" viewbox=\"0 0 256 512\" xmlns=\"http:\/\/www.w3.org\/2000\/svg\"><path d=\"M224.3 273l-136 136c-9.4 9.4-24.6 9.4-33.9 0l-22.6-22.6c-9.4-9.4-9.4-24.6 0-33.9l96.4-96.4-96.4-96.4c-9.4-9.4-9.4-24.6 0-33.9L54.3 103c9.4-9.4 24.6-9.4 33.9 0l136 136c9.5 9.4 9.5 24.6.1 34z\"><\/path><\/svg><\/span>\n\t\t<\/span>\n\n\t\t\t\t\t\t<\/summary>\n\t\t\t\t<div role=\"region\" aria-labelledby=\"e-n-accordion-item-3863\" class=\"elementor-element elementor-element-de90ff9 e-con-full e-flex e-con e-child\" data-id=\"de90ff9\" data-element_type=\"container\">\n\t\t\t\t<div class=\"elementor-element elementor-element-02c0c08 elementor-widget elementor-widget-text-editor\" data-id=\"02c0c08\" data-element_type=\"widget\" data-widget_type=\"text-editor.default\">\n\t\t\t\t<div class=\"elementor-widget-container\">\n\t\t\t\t\t\t\t\t\t<p>Customers can get technical support at any time of the day or night<\/p>\t\t\t\t\t\t\t\t<\/div>\n\t\t\t\t<\/div>\n\t\t\t\t<\/div>\n\t\t\t\t\t<\/details>\n\t\t\t\t\t<\/div>\n\t\t\t\t\t<script type=\"application\/ld+json\">{\"@context\":\"https:\\\/\\\/schema.org\",\"@type\":\"FAQPage\",\"mainEntity\":[{\"@type\":\"Question\",\"name\":\"Automatyczna diagnoza problemu\",\"acceptedAnswer\":{\"@type\":\"Answer\",\"text\":\"\"}},{\"@type\":\"Question\",\"name\":\"Obs\\u0142uga prostych problem\\u00f3w\",\"acceptedAnswer\":{\"@type\":\"Answer\",\"text\":\"\"}},{\"@type\":\"Question\",\"name\":\"Przekierowanie do konsultanta\",\"acceptedAnswer\":{\"@type\":\"Answer\",\"text\":\"\"}},{\"@type\":\"Question\",\"name\":\"Dost\\u0119pno\\u015b\\u0107 24\\\/7\",\"acceptedAnswer\":{\"@type\":\"Answer\",\"text\":\"\"}}]}<\/script>\n\t\t\t\t\t\t\t<\/div>\n\t\t\t\t<\/div>\n\t\t\t\t<\/div>\n\t\t\t\t<\/div>\n\t\t\t\t<\/div>\n\t\t<div class=\"elementor-element elementor-element-2220bc6 e-con-full e-flex e-con e-child\" data-id=\"2220bc6\" data-element_type=\"container\">\n\t\t<div class=\"elementor-element elementor-element-4d91c07 e-con-full e-flex elementor-invisible e-con e-child\" data-id=\"4d91c07\" data-element_type=\"container\" data-settings=\"{&quot;animation&quot;:&quot;fadeInLeft&quot;}\">\n\t\t\t\t<div class=\"elementor-element elementor-element-72225fa elementor-widget elementor-widget-noxfolio-section-title\" data-id=\"72225fa\" data-element_type=\"widget\" data-widget_type=\"noxfolio-section-title.default\">\n\t\t\t\t<div class=\"elementor-widget-container\">\n\t\t\t\t\t\t\t<div class=\"noxfolio-section-title\">\r\n\t\t\t\t\t\t<h3 class=\"title\"> Example <span class=\"focus-text\">Use Cases<\/span><\/h3>\t\t<\/div>\r\n\t\t\t\t\t\t<\/div>\n\t\t\t\t<\/div>\n\t\t\t\t<div class=\"elementor-element elementor-element-3096d7b elementor-widget elementor-widget-text-editor\" data-id=\"3096d7b\" data-element_type=\"widget\" data-widget_type=\"text-editor.default\">\n\t\t\t\t<div class=\"elementor-widget-container\">\n\t\t\t\t\t\t\t\t\t<p data-start=\"1387\" data-end=\"1443\">Give your customers instant technical support while reducing your support team\u2019s workload!<\/p>\t\t\t\t\t\t\t\t<\/div>\n\t\t\t\t<\/div>\n\t\t\t\t<\/div>\n\t\t<div class=\"elementor-element elementor-element-024e381 e-con-full e-flex elementor-invisible e-con e-child\" data-id=\"024e381\" data-element_type=\"container\" data-settings=\"{&quot;animation&quot;:&quot;fadeInRight&quot;}\">\n\t\t<div class=\"elementor-element elementor-element-1868e53 e-con-full e-flex elementor-invisible e-con e-child\" data-id=\"1868e53\" data-element_type=\"container\" data-settings=\"{&quot;animation&quot;:&quot;fadeInRight&quot;}\">\n\t\t\t\t<div class=\"elementor-element elementor-element-efa0602 elementor-widget elementor-widget-noxfolio-check-list\" data-id=\"efa0602\" data-element_type=\"widget\" data-widget_type=\"noxfolio-check-list.default\">\n\t\t\t\t<div class=\"elementor-widget-container\">\n\t\t\t\t\t    <ul class=\"noxfolio-check-list icon-left\">\r\n                    <li>\r\n                                <span class=\"list-icon\">\r\n\t\t\t\t\t<svg class=\"e-font-icon-svg e-fas-check\" viewbox=\"0 0 512 512\" xmlns=\"http:\/\/www.w3.org\/2000\/svg\"><path d=\"M173.898 439.404l-166.4-166.4c-9.997-9.997-9.997-26.206 0-36.204l36.203-36.204c9.997-9.998 26.207-9.998 36.204 0L192 312.69 432.095 72.596c9.997-9.997 26.207-9.997 36.204 0l36.203 36.204c9.997 9.997 9.997 26.206 0 36.204l-294.4 294.401c-9.998 9.997-26.207 9.997-36.204-.001z\"><\/path><\/svg>                <\/span>\r\n                                <span class=\"list-text\">\r\n                    Assisting with router<br> or internet connection setup                <\/span>\r\n            <\/li>\r\n                    <li>\r\n                                <span class=\"list-icon\">\r\n\t\t\t\t\t<svg class=\"e-font-icon-svg e-fas-check\" viewbox=\"0 0 512 512\" xmlns=\"http:\/\/www.w3.org\/2000\/svg\"><path d=\"M173.898 439.404l-166.4-166.4c-9.997-9.997-9.997-26.206 0-36.204l36.203-36.204c9.997-9.998 26.207-9.998 36.204 0L192 312.69 432.095 72.596c9.997-9.997 26.207-9.997 36.204 0l36.203 36.204c9.997 9.997 9.997 26.206 0 36.204l-294.4 294.401c-9.998 9.997-26.207 9.997-36.204-.001z\"><\/path><\/svg>                <\/span>\r\n                                <span class=\"list-text\">\r\n                    Resetting passwords and restoring account access                <\/span>\r\n            <\/li>\r\n                    <li>\r\n                                <span class=\"list-icon\">\r\n\t\t\t\t\t<svg class=\"e-font-icon-svg e-fas-check\" viewbox=\"0 0 512 512\" xmlns=\"http:\/\/www.w3.org\/2000\/svg\"><path d=\"M173.898 439.404l-166.4-166.4c-9.997-9.997-9.997-26.206 0-36.204l36.203-36.204c9.997-9.998 26.207-9.998 36.204 0L192 312.69 432.095 72.596c9.997-9.997 26.207-9.997 36.204 0l36.203 36.204c9.997 9.997 9.997 26.206 0 36.204l-294.4 294.401c-9.998 9.997-26.207 9.997-36.204-.001z\"><\/path><\/svg>                <\/span>\r\n                                <span class=\"list-text\">\r\n                    Troubleshooting issues<br> with application or software performance                <\/span>\r\n            <\/li>\r\n            <\/ul>\r\n    \t\t\t\t<\/div>\n\t\t\t\t<\/div>\n\t\t\t\t<\/div>\n\t\t\t\t<\/div>\n\t\t\t\t<\/div>\n\t\t\t\t\t<\/div>\n\t\t\t\t<\/div>\n\t\t\t\t<\/div>","protected":false},"excerpt":{"rendered":"<p>Wsparcie Techniczne \u2013 Automatyczna Pomoc w Rozwi\u0105zywaniu Problem\u00f3w Szybkie Rozwi\u0105zanie Problem\u00f3w bez Oczekiwania Twoi klienci nie musz\u0105 czeka\u0107 na rozmow\u0119 z konsultantem, by uzyska\u0107 pomoc techniczn\u0105. Voicebot w roli wirtualnego doradcy odpowiada na najcz\u0119\u015bciej zadawane pytania, diagnozuje problemy i pomaga w ich rozwi\u0105zaniu \u2013 wszystko w czasie rzeczywistym. Automatyczna diagnoza problemu Analizuje zg\u0142oszenie i podpowiada [&hellip;]<\/p>","protected":false},"author":1,"featured_media":0,"parent":0,"menu_order":0,"comment_status":"closed","ping_status":"closed","template":"","meta":{"inline_featured_image":false,"footnotes":""},"class_list":["post-6629","page","type-page","status-publish","hentry"],"yoast_head":"<!-- This site is optimized with the Yoast SEO Premium plugin v25.4 (Yoast SEO v25.9) - https:\/\/yoast.com\/wordpress\/plugins\/seo\/ -->\n<title>Voicebot AI<\/title>\n<meta name=\"robots\" content=\"index, follow, max-snippet:-1, max-image-preview:large, max-video-preview:-1\" \/>\n<link rel=\"canonical\" href=\"https:\/\/callbai.com\/en\/wsparcie-techniczne\/\" \/>\n<meta property=\"og:locale\" content=\"en_US\" \/>\n<meta property=\"og:type\" content=\"article\" \/>\n<meta property=\"og:title\" content=\"Wsparcie Techniczne\" \/>\n<meta property=\"og:description\" content=\"Wsparcie Techniczne \u2013 Automatyczna Pomoc w Rozwi\u0105zywaniu Problem\u00f3w Szybkie Rozwi\u0105zanie Problem\u00f3w bez Oczekiwania Twoi klienci nie musz\u0105 czeka\u0107 na rozmow\u0119 z konsultantem, by uzyska\u0107 pomoc techniczn\u0105. Voicebot w roli wirtualnego doradcy odpowiada na najcz\u0119\u015bciej zadawane pytania, diagnozuje problemy i pomaga w ich rozwi\u0105zaniu \u2013 wszystko w czasie rzeczywistym. Automatyczna diagnoza problemu Analizuje zg\u0142oszenie i podpowiada [&hellip;]\" \/>\n<meta property=\"og:url\" content=\"https:\/\/callbai.com\/en\/wsparcie-techniczne\/\" \/>\n<meta property=\"og:site_name\" content=\"Voicebot AI\" \/>\n<meta property=\"article:modified_time\" content=\"2025-04-01T09:35:40+00:00\" \/>\n<meta name=\"twitter:card\" content=\"summary_large_image\" \/>\n<meta name=\"twitter:label1\" content=\"Est. reading time\" \/>\n\t<meta name=\"twitter:data1\" content=\"1 minute\" \/>\n<script type=\"application\/ld+json\" class=\"yoast-schema-graph\">{\"@context\":\"https:\/\/schema.org\",\"@graph\":[{\"@type\":\"WebPage\",\"@id\":\"https:\/\/callbai.com\/wsparcie-techniczne\/\",\"url\":\"https:\/\/callbai.com\/wsparcie-techniczne\/\",\"name\":\"Voicebot AI\",\"isPartOf\":{\"@id\":\"https:\/\/callbai.com\/#website\"},\"datePublished\":\"2025-02-24T13:16:43+00:00\",\"dateModified\":\"2025-04-01T09:35:40+00:00\",\"breadcrumb\":{\"@id\":\"https:\/\/callbai.com\/wsparcie-techniczne\/#breadcrumb\"},\"inLanguage\":\"en-US\",\"potentialAction\":[{\"@type\":\"ReadAction\",\"target\":[\"https:\/\/callbai.com\/wsparcie-techniczne\/\"]}]},{\"@type\":\"BreadcrumbList\",\"@id\":\"https:\/\/callbai.com\/wsparcie-techniczne\/#breadcrumb\",\"itemListElement\":[{\"@type\":\"ListItem\",\"position\":1,\"name\":\"Strona g\u0142\u00f3wna\",\"item\":\"https:\/\/callbai.com\/\"},{\"@type\":\"ListItem\",\"position\":2,\"name\":\"Wsparcie Techniczne\"}]},{\"@type\":\"WebSite\",\"@id\":\"https:\/\/callbai.com\/#website\",\"url\":\"https:\/\/callbai.com\/\",\"name\":\"Voicebot AI\",\"description\":\"Inteligentna Automatyzacja Rozm\u00f3w | Obs\u0142uga Klienta 24\/7\",\"publisher\":{\"@id\":\"https:\/\/callbai.com\/#organization\"},\"alternateName\":\"Voicebot AI\",\"potentialAction\":[{\"@type\":\"SearchAction\",\"target\":{\"@type\":\"EntryPoint\",\"urlTemplate\":\"https:\/\/callbai.com\/?s={search_term_string}\"},\"query-input\":{\"@type\":\"PropertyValueSpecification\",\"valueRequired\":true,\"valueName\":\"search_term_string\"}}],\"inLanguage\":\"en-US\"},{\"@type\":\"Organization\",\"@id\":\"https:\/\/callbai.com\/#organization\",\"name\":\"callbai.com\",\"url\":\"https:\/\/callbai.com\/\",\"logo\":{\"@type\":\"ImageObject\",\"inLanguage\":\"en-US\",\"@id\":\"https:\/\/callbai.com\/#\/schema\/logo\/image\/\",\"url\":\"https:\/\/callbai.com\/wp-content\/uploads\/2025\/02\/Zasob-1.png\",\"contentUrl\":\"https:\/\/callbai.com\/wp-content\/uploads\/2025\/02\/Zasob-1.png\",\"width\":225,\"height\":194,\"caption\":\"callbai.com\"},\"image\":{\"@id\":\"https:\/\/callbai.com\/#\/schema\/logo\/image\/\"}}]}<\/script>\n<!-- \/ Yoast SEO Premium plugin. -->","yoast_head_json":{"title":"Voicebot AI","robots":{"index":"index","follow":"follow","max-snippet":"max-snippet:-1","max-image-preview":"max-image-preview:large","max-video-preview":"max-video-preview:-1"},"canonical":"https:\/\/callbai.com\/en\/wsparcie-techniczne\/","og_locale":"en_US","og_type":"article","og_title":"Wsparcie Techniczne","og_description":"Wsparcie Techniczne \u2013 Automatyczna Pomoc w Rozwi\u0105zywaniu Problem\u00f3w Szybkie Rozwi\u0105zanie Problem\u00f3w bez Oczekiwania Twoi klienci nie musz\u0105 czeka\u0107 na rozmow\u0119 z konsultantem, by uzyska\u0107 pomoc techniczn\u0105. Voicebot w roli wirtualnego doradcy odpowiada na najcz\u0119\u015bciej zadawane pytania, diagnozuje problemy i pomaga w ich rozwi\u0105zaniu \u2013 wszystko w czasie rzeczywistym. Automatyczna diagnoza problemu Analizuje zg\u0142oszenie i podpowiada [&hellip;]","og_url":"https:\/\/callbai.com\/en\/wsparcie-techniczne\/","og_site_name":"Voicebot AI","article_modified_time":"2025-04-01T09:35:40+00:00","twitter_card":"summary_large_image","twitter_misc":{"Est. reading time":"1 minute"},"schema":{"@context":"https:\/\/schema.org","@graph":[{"@type":"WebPage","@id":"https:\/\/callbai.com\/wsparcie-techniczne\/","url":"https:\/\/callbai.com\/wsparcie-techniczne\/","name":"Voicebot AI","isPartOf":{"@id":"https:\/\/callbai.com\/#website"},"datePublished":"2025-02-24T13:16:43+00:00","dateModified":"2025-04-01T09:35:40+00:00","breadcrumb":{"@id":"https:\/\/callbai.com\/wsparcie-techniczne\/#breadcrumb"},"inLanguage":"en-US","potentialAction":[{"@type":"ReadAction","target":["https:\/\/callbai.com\/wsparcie-techniczne\/"]}]},{"@type":"BreadcrumbList","@id":"https:\/\/callbai.com\/wsparcie-techniczne\/#breadcrumb","itemListElement":[{"@type":"ListItem","position":1,"name":"Strona g\u0142\u00f3wna","item":"https:\/\/callbai.com\/"},{"@type":"ListItem","position":2,"name":"Wsparcie Techniczne"}]},{"@type":"WebSite","@id":"https:\/\/callbai.com\/#website","url":"https:\/\/callbai.com\/","name":"Voicebot AI","description":"Inteligentna Automatyzacja Rozm\u00f3w | Obs\u0142uga Klienta 24\/7","publisher":{"@id":"https:\/\/callbai.com\/#organization"},"alternateName":"Voicebot AI","potentialAction":[{"@type":"SearchAction","target":{"@type":"EntryPoint","urlTemplate":"https:\/\/callbai.com\/?s={search_term_string}"},"query-input":{"@type":"PropertyValueSpecification","valueRequired":true,"valueName":"search_term_string"}}],"inLanguage":"en-US"},{"@type":"Organization","@id":"https:\/\/callbai.com\/#organization","name":"callbai.com","url":"https:\/\/callbai.com\/","logo":{"@type":"ImageObject","inLanguage":"en-US","@id":"https:\/\/callbai.com\/#\/schema\/logo\/image\/","url":"https:\/\/callbai.com\/wp-content\/uploads\/2025\/02\/Zasob-1.png","contentUrl":"https:\/\/callbai.com\/wp-content\/uploads\/2025\/02\/Zasob-1.png","width":225,"height":194,"caption":"callbai.com"},"image":{"@id":"https:\/\/callbai.com\/#\/schema\/logo\/image\/"}}]}},"_links":{"self":[{"href":"https:\/\/callbai.com\/en\/wp-json\/wp\/v2\/pages\/6629","targetHints":{"allow":["GET"]}}],"collection":[{"href":"https:\/\/callbai.com\/en\/wp-json\/wp\/v2\/pages"}],"about":[{"href":"https:\/\/callbai.com\/en\/wp-json\/wp\/v2\/types\/page"}],"author":[{"embeddable":true,"href":"https:\/\/callbai.com\/en\/wp-json\/wp\/v2\/users\/1"}],"replies":[{"embeddable":true,"href":"https:\/\/callbai.com\/en\/wp-json\/wp\/v2\/comments?post=6629"}],"version-history":[{"count":10,"href":"https:\/\/callbai.com\/en\/wp-json\/wp\/v2\/pages\/6629\/revisions"}],"predecessor-version":[{"id":7092,"href":"https:\/\/callbai.com\/en\/wp-json\/wp\/v2\/pages\/6629\/revisions\/7092"}],"wp:attachment":[{"href":"https:\/\/callbai.com\/en\/wp-json\/wp\/v2\/media?parent=6629"}],"curies":[{"name":"wp","href":"https:\/\/api.w.org\/{rel}","templated":true}]}}