{"id":6624,"date":"2025-02-24T13:02:45","date_gmt":"2025-02-24T13:02:45","guid":{"rendered":"https:\/\/callbai.com\/?page_id=6624"},"modified":"2025-06-27T07:55:04","modified_gmt":"2025-06-27T07:55:04","slug":"bookowanie","status":"publish","type":"page","link":"https:\/\/callbai.com\/en\/bookowanie\/","title":{"rendered":"Booking"},"content":{"rendered":"<div data-elementor-type=\"wp-page\" data-elementor-id=\"6624\" class=\"elementor elementor-6624\" data-elementor-post-type=\"page\">\n\t\t\t\t<div class=\"elementor-element elementor-element-4892c40 e-flex e-con-boxed e-con e-parent\" data-id=\"4892c40\" data-element_type=\"container\">\n\t\t\t\t\t<div class=\"e-con-inner\">\n\t\t<div class=\"elementor-element elementor-element-407fc4e e-con-full e-flex e-con e-child\" data-id=\"407fc4e\" data-element_type=\"container\">\n\t\t<div class=\"elementor-element elementor-element-3c871d6 e-con-full e-flex elementor-invisible e-con e-child\" data-id=\"3c871d6\" data-element_type=\"container\" data-settings=\"{&quot;animation&quot;:&quot;fadeInLeft&quot;}\">\n\t\t\t\t<div class=\"elementor-element elementor-element-e6ed415 elementor-widget elementor-widget-noxfolio-section-title\" data-id=\"e6ed415\" data-element_type=\"widget\" data-widget_type=\"noxfolio-section-title.default\">\n\t\t\t\t<div class=\"elementor-widget-container\">\n\t\t\t\t\t\t\t<div class=\"noxfolio-section-title\">\r\n\t\t\t\t\t\t<h3 class=\"title\">Booking \u2013 Automatic <span class=\"focus-text\">Appointment Confirmation and Modification<\/span><\/h3>\t\t<\/div>\r\n\t\t\t\t\t\t<\/div>\n\t\t\t\t<\/div>\n\t\t\t\t<div class=\"elementor-element elementor-element-4f11ce9 elementor-widget elementor-widget-text-editor\" data-id=\"4f11ce9\" data-element_type=\"widget\" data-widget_type=\"text-editor.default\">\n\t\t\t\t<div class=\"elementor-widget-container\">\n\t\t\t\t\t\t\t\t\t<p data-start=\"3815\" data-end=\"3863\"><strong data-start=\"3820\" data-end=\"3861\">Smart Reservation Management<\/strong><\/p><p data-start=\"3864\" data-end=\"4062\" class=\" translation-block\">Forget about phone calls and manual scheduling \u2014 our <strong data-start=\"3921\" data-end=\"3933\">voicebot<\/strong> automatically confirms, reschedules, and cancels appointments, ensuring complete convenience for both your customers and your team.<\/p>\t\t\t\t\t\t\t\t<\/div>\n\t\t\t\t<\/div>\n\t\t\t\t<\/div>\n\t\t<div class=\"elementor-element elementor-element-c469a2d e-con-full e-flex elementor-invisible e-con e-child\" data-id=\"c469a2d\" data-element_type=\"container\" data-settings=\"{&quot;animation&quot;:&quot;fadeInRight&quot;}\">\n\t\t<div class=\"elementor-element elementor-element-c6114c2 e-con-full e-flex elementor-invisible e-con e-child\" data-id=\"c6114c2\" data-element_type=\"container\" data-settings=\"{&quot;animation&quot;:&quot;fadeInRight&quot;}\">\n\t\t\t\t<div class=\"elementor-element elementor-element-24e2d05 elementor-widget elementor-widget-n-accordion\" data-id=\"24e2d05\" data-element_type=\"widget\" data-settings=\"{&quot;default_state&quot;:&quot;expanded&quot;,&quot;max_items_expended&quot;:&quot;one&quot;,&quot;n_accordion_animation_duration&quot;:{&quot;unit&quot;:&quot;ms&quot;,&quot;size&quot;:400,&quot;sizes&quot;:[]}}\" data-widget_type=\"nested-accordion.default\">\n\t\t\t\t<div class=\"elementor-widget-container\">\n\t\t\t\t\t\t\t<div class=\"e-n-accordion\" aria-label=\"Accordion. Open links with Enter or Space, close with Escape, and navigate with Arrow Keys\">\n\t\t\t\t\t\t<details id=\"e-n-accordion-item-3860\" class=\"e-n-accordion-item\" open>\n\t\t\t\t<summary class=\"e-n-accordion-item-title\" data-accordion-index=\"1\" tabindex=\"0\" aria-expanded=\"true\" aria-controls=\"e-n-accordion-item-3860\" >\n\t\t\t\t\t<span class='e-n-accordion-item-title-header'><div class=\"e-n-accordion-item-title-text\"> Automatic appointment confirmation <\/div><\/span>\n\t\t\t\t\t\t\t<span class='e-n-accordion-item-title-icon'>\n\t\t\t<span class='e-opened' ><svg aria-hidden=\"true\" class=\"e-font-icon-svg e-fas-angle-down\" viewbox=\"0 0 320 512\" xmlns=\"http:\/\/www.w3.org\/2000\/svg\"><path d=\"M143 352.3L7 216.3c-9.4-9.4-9.4-24.6 0-33.9l22.6-22.6c9.4-9.4 24.6-9.4 33.9 0l96.4 96.4 96.4-96.4c9.4-9.4 24.6-9.4 33.9 0l22.6 22.6c9.4 9.4 9.4 24.6 0 33.9l-136 136c-9.2 9.4-24.4 9.4-33.8 0z\"><\/path><\/svg><\/span>\n\t\t\t<span class='e-closed'><svg aria-hidden=\"true\" class=\"e-font-icon-svg e-fas-angle-right\" viewbox=\"0 0 256 512\" xmlns=\"http:\/\/www.w3.org\/2000\/svg\"><path d=\"M224.3 273l-136 136c-9.4 9.4-24.6 9.4-33.9 0l-22.6-22.6c-9.4-9.4-9.4-24.6 0-33.9l96.4-96.4-96.4-96.4c-9.4-9.4-9.4-24.6 0-33.9L54.3 103c9.4-9.4 24.6-9.4 33.9 0l136 136c9.5 9.4 9.5 24.6.1 34z\"><\/path><\/svg><\/span>\n\t\t<\/span>\n\n\t\t\t\t\t\t<\/summary>\n\t\t\t\t<div role=\"region\" aria-labelledby=\"e-n-accordion-item-3860\" class=\"elementor-element elementor-element-d8957bf e-con-full e-flex e-con e-child\" data-id=\"d8957bf\" data-element_type=\"container\">\n\t\t\t\t<div class=\"elementor-element elementor-element-dfa8d44 elementor-widget elementor-widget-text-editor\" data-id=\"dfa8d44\" data-element_type=\"widget\" data-widget_type=\"text-editor.default\">\n\t\t\t\t<div class=\"elementor-widget-container\">\n\t\t\t\t\t\t\t\t\t<p>Customers can quickly accept a scheduled date.<\/p>\t\t\t\t\t\t\t\t<\/div>\n\t\t\t\t<\/div>\n\t\t\t\t<\/div>\n\t\t\t\t\t<\/details>\n\t\t\t\t\t\t<details id=\"e-n-accordion-item-3861\" class=\"e-n-accordion-item\" >\n\t\t\t\t<summary class=\"e-n-accordion-item-title\" data-accordion-index=\"2\" tabindex=\"-1\" aria-expanded=\"false\" aria-controls=\"e-n-accordion-item-3861\" >\n\t\t\t\t\t<span class='e-n-accordion-item-title-header'><div class=\"e-n-accordion-item-title-text\"> Rescheduling and cancellation <\/div><\/span>\n\t\t\t\t\t\t\t<span class='e-n-accordion-item-title-icon'>\n\t\t\t<span class='e-opened' ><svg aria-hidden=\"true\" class=\"e-font-icon-svg e-fas-angle-down\" viewbox=\"0 0 320 512\" xmlns=\"http:\/\/www.w3.org\/2000\/svg\"><path d=\"M143 352.3L7 216.3c-9.4-9.4-9.4-24.6 0-33.9l22.6-22.6c9.4-9.4 24.6-9.4 33.9 0l96.4 96.4 96.4-96.4c9.4-9.4 24.6-9.4 33.9 0l22.6 22.6c9.4 9.4 9.4 24.6 0 33.9l-136 136c-9.2 9.4-24.4 9.4-33.8 0z\"><\/path><\/svg><\/span>\n\t\t\t<span class='e-closed'><svg aria-hidden=\"true\" class=\"e-font-icon-svg e-fas-angle-right\" viewbox=\"0 0 256 512\" xmlns=\"http:\/\/www.w3.org\/2000\/svg\"><path d=\"M224.3 273l-136 136c-9.4 9.4-24.6 9.4-33.9 0l-22.6-22.6c-9.4-9.4-9.4-24.6 0-33.9l96.4-96.4-96.4-96.4c-9.4-9.4-9.4-24.6 0-33.9L54.3 103c9.4-9.4 24.6-9.4 33.9 0l136 136c9.5 9.4 9.5 24.6.1 34z\"><\/path><\/svg><\/span>\n\t\t<\/span>\n\n\t\t\t\t\t\t<\/summary>\n\t\t\t\t<div role=\"region\" aria-labelledby=\"e-n-accordion-item-3861\" class=\"elementor-element elementor-element-22cf484 e-con-full e-flex e-con e-child\" data-id=\"22cf484\" data-element_type=\"container\">\n\t\t\t\t<div class=\"elementor-element elementor-element-a1efe33 elementor-widget elementor-widget-text-editor\" data-id=\"a1efe33\" data-element_type=\"widget\" data-widget_type=\"text-editor.default\">\n\t\t\t\t<div class=\"elementor-widget-container\">\n\t\t\t\t\t\t\t\t\t<p>No need to speak with an agent \u2014 appointments can be rescheduled or canceled effortlessly.<\/p>\t\t\t\t\t\t\t\t<\/div>\n\t\t\t\t<\/div>\n\t\t\t\t<\/div>\n\t\t\t\t\t<\/details>\n\t\t\t\t\t\t<details id=\"e-n-accordion-item-3862\" class=\"e-n-accordion-item\" >\n\t\t\t\t<summary class=\"e-n-accordion-item-title\" data-accordion-index=\"3\" tabindex=\"-1\" aria-expanded=\"false\" aria-controls=\"e-n-accordion-item-3862\" >\n\t\t\t\t\t<span class='e-n-accordion-item-title-header'><div class=\"e-n-accordion-item-title-text\"> Meeting reminders <\/div><\/span>\n\t\t\t\t\t\t\t<span class='e-n-accordion-item-title-icon'>\n\t\t\t<span class='e-opened' ><svg aria-hidden=\"true\" class=\"e-font-icon-svg e-fas-angle-down\" viewbox=\"0 0 320 512\" xmlns=\"http:\/\/www.w3.org\/2000\/svg\"><path d=\"M143 352.3L7 216.3c-9.4-9.4-9.4-24.6 0-33.9l22.6-22.6c9.4-9.4 24.6-9.4 33.9 0l96.4 96.4 96.4-96.4c9.4-9.4 24.6-9.4 33.9 0l22.6 22.6c9.4 9.4 9.4 24.6 0 33.9l-136 136c-9.2 9.4-24.4 9.4-33.8 0z\"><\/path><\/svg><\/span>\n\t\t\t<span class='e-closed'><svg aria-hidden=\"true\" class=\"e-font-icon-svg e-fas-angle-right\" viewbox=\"0 0 256 512\" xmlns=\"http:\/\/www.w3.org\/2000\/svg\"><path d=\"M224.3 273l-136 136c-9.4 9.4-24.6 9.4-33.9 0l-22.6-22.6c-9.4-9.4-9.4-24.6 0-33.9l96.4-96.4-96.4-96.4c-9.4-9.4-9.4-24.6 0-33.9L54.3 103c9.4-9.4 24.6-9.4 33.9 0l136 136c9.5 9.4 9.5 24.6.1 34z\"><\/path><\/svg><\/span>\n\t\t<\/span>\n\n\t\t\t\t\t\t<\/summary>\n\t\t\t\t<div role=\"region\" aria-labelledby=\"e-n-accordion-item-3862\" class=\"elementor-element elementor-element-efed1ca e-con-full e-flex e-con e-child\" data-id=\"efed1ca\" data-element_type=\"container\">\n\t\t\t\t<div class=\"elementor-element elementor-element-74885bf elementor-widget elementor-widget-text-editor\" data-id=\"74885bf\" data-element_type=\"widget\" data-widget_type=\"text-editor.default\">\n\t\t\t\t<div class=\"elementor-widget-container\">\n\t\t\t\t\t\t\t\t\t<p>The voicebot sends voice and SMS notifications, reducing the number of no-shows.<\/p>\t\t\t\t\t\t\t\t<\/div>\n\t\t\t\t<\/div>\n\t\t\t\t<\/div>\n\t\t\t\t\t<\/details>\n\t\t\t\t\t\t<details id=\"e-n-accordion-item-3863\" class=\"e-n-accordion-item\" >\n\t\t\t\t<summary class=\"e-n-accordion-item-title\" data-accordion-index=\"4\" tabindex=\"-1\" aria-expanded=\"false\" aria-controls=\"e-n-accordion-item-3863\" >\n\t\t\t\t\t<span class='e-n-accordion-item-title-header'><div class=\"e-n-accordion-item-title-text\"> Calendar integration <\/div><\/span>\n\t\t\t\t\t\t\t<span class='e-n-accordion-item-title-icon'>\n\t\t\t<span class='e-opened' ><svg aria-hidden=\"true\" class=\"e-font-icon-svg e-fas-angle-down\" viewbox=\"0 0 320 512\" xmlns=\"http:\/\/www.w3.org\/2000\/svg\"><path d=\"M143 352.3L7 216.3c-9.4-9.4-9.4-24.6 0-33.9l22.6-22.6c9.4-9.4 24.6-9.4 33.9 0l96.4 96.4 96.4-96.4c9.4-9.4 24.6-9.4 33.9 0l22.6 22.6c9.4 9.4 9.4 24.6 0 33.9l-136 136c-9.2 9.4-24.4 9.4-33.8 0z\"><\/path><\/svg><\/span>\n\t\t\t<span class='e-closed'><svg aria-hidden=\"true\" class=\"e-font-icon-svg e-fas-angle-right\" viewbox=\"0 0 256 512\" xmlns=\"http:\/\/www.w3.org\/2000\/svg\"><path d=\"M224.3 273l-136 136c-9.4 9.4-24.6 9.4-33.9 0l-22.6-22.6c-9.4-9.4-9.4-24.6 0-33.9l96.4-96.4-96.4-96.4c-9.4-9.4-9.4-24.6 0-33.9L54.3 103c9.4-9.4 24.6-9.4 33.9 0l136 136c9.5 9.4 9.5 24.6.1 34z\"><\/path><\/svg><\/span>\n\t\t<\/span>\n\n\t\t\t\t\t\t<\/summary>\n\t\t\t\t<div role=\"region\" aria-labelledby=\"e-n-accordion-item-3863\" class=\"elementor-element elementor-element-de90ff9 e-con-full e-flex e-con e-child\" data-id=\"de90ff9\" data-element_type=\"container\">\n\t\t\t\t<div class=\"elementor-element elementor-element-02c0c08 elementor-widget elementor-widget-text-editor\" data-id=\"02c0c08\" data-element_type=\"widget\" data-widget_type=\"text-editor.default\">\n\t\t\t\t<div class=\"elementor-widget-container\">\n\t\t\t\t\t\t\t\t\t<p>Automatic synchronization with booking systems and CRM.<\/p>\t\t\t\t\t\t\t\t<\/div>\n\t\t\t\t<\/div>\n\t\t\t\t<\/div>\n\t\t\t\t\t<\/details>\n\t\t\t\t\t<\/div>\n\t\t\t\t\t<script type=\"application\/ld+json\">{\"@context\":\"https:\\\/\\\/schema.org\",\"@type\":\"FAQPage\",\"mainEntity\":[{\"@type\":\"Question\",\"name\":\"Automatyczne potwierdzanie rezerwacji\",\"acceptedAnswer\":{\"@type\":\"Answer\",\"text\":\"\"}},{\"@type\":\"Question\",\"name\":\"Mo\\u017cliwo\\u015b\\u0107 zmiany i anulowania\",\"acceptedAnswer\":{\"@type\":\"Answer\",\"text\":\"\"}},{\"@type\":\"Question\",\"name\":\"Przypomnienia o spotkaniach\",\"acceptedAnswer\":{\"@type\":\"Answer\",\"text\":\"\"}},{\"@type\":\"Question\",\"name\":\"Integracja z kalendarzami\",\"acceptedAnswer\":{\"@type\":\"Answer\",\"text\":\"\"}}]}<\/script>\n\t\t\t\t\t\t\t<\/div>\n\t\t\t\t<\/div>\n\t\t\t\t<\/div>\n\t\t\t\t<\/div>\n\t\t\t\t<\/div>\n\t\t<div class=\"elementor-element elementor-element-2220bc6 e-con-full e-flex e-con e-child\" data-id=\"2220bc6\" data-element_type=\"container\">\n\t\t<div class=\"elementor-element elementor-element-4d91c07 e-con-full e-flex elementor-invisible e-con e-child\" data-id=\"4d91c07\" data-element_type=\"container\" data-settings=\"{&quot;animation&quot;:&quot;fadeInLeft&quot;}\">\n\t\t\t\t<div class=\"elementor-element elementor-element-72225fa elementor-widget elementor-widget-noxfolio-section-title\" data-id=\"72225fa\" data-element_type=\"widget\" data-widget_type=\"noxfolio-section-title.default\">\n\t\t\t\t<div class=\"elementor-widget-container\">\n\t\t\t\t\t\t\t<div class=\"noxfolio-section-title\">\r\n\t\t\t\t\t\t<h3 class=\"title\"> Example <span class=\"focus-text\">Use Cases<\/span><\/h3>\t\t<\/div>\r\n\t\t\t\t\t\t<\/div>\n\t\t\t\t<\/div>\n\t\t\t\t<div class=\"elementor-element elementor-element-079b92d elementor-widget elementor-widget-text-editor\" data-id=\"079b92d\" data-element_type=\"widget\" data-widget_type=\"text-editor.default\">\n\t\t\t\t<div class=\"elementor-widget-container\">\n\t\t\t\t\t\t\t\t\t<p data-start=\"4897\" data-end=\"5137\">Our intelligent voicebot solutions help businesses streamline customer service, incident reporting, sales, and booking processes. By investing in automation, you not only save time and money but also increase customer satisfaction.<\/p><p data-start=\"5139\" data-end=\"5250\" data-is-last-node=\"\" data-is-only-node=\"\"><strong data-start=\"5142\" data-end=\"5247\">Want to learn more? Contact us and see how a voicebot can support your business!<\/strong>\u00a0<\/p>\t\t\t\t\t\t\t\t<\/div>\n\t\t\t\t<\/div>\n\t\t\t\t<div class=\"elementor-element elementor-element-edd4d12 elementor-widget elementor-widget-noxfolio-button\" data-id=\"edd4d12\" data-element_type=\"widget\" data-widget_type=\"noxfolio-button.default\">\n\t\t\t\t<div class=\"elementor-widget-container\">\n\t\t\t\t\t\t\t<div class=\"noxfolio-button-wrapper\">\r\n\t\t\t<a class=\"noxfolio-button icon-right\" href=\"https:\/\/callbai.com\/kontakt\">\r\n\t\t\t\t<span class=\"button-text\">\r\n\t\t\t\t\tLet's talk        \t\t<\/span>\r\n\t\t\t\t\t\t\t\t<span class=\"button-icon\">\r\n\t\t\t\t\t<svg class=\"e-font-icon-svg e-fas-angle-right\" viewbox=\"0 0 256 512\" xmlns=\"http:\/\/www.w3.org\/2000\/svg\"><path d=\"M224.3 273l-136 136c-9.4 9.4-24.6 9.4-33.9 0l-22.6-22.6c-9.4-9.4-9.4-24.6 0-33.9l96.4-96.4-96.4-96.4c-9.4-9.4-9.4-24.6 0-33.9L54.3 103c9.4-9.4 24.6-9.4 33.9 0l136 136c9.5 9.4 9.5 24.6.1 34z\"><\/path><\/svg>\t\t\t\t<\/span>\r\n\t\t\t\t\t\t\t<\/a>\r\n\t\t<\/div>\r\n\t\t\t\t\t\t<\/div>\n\t\t\t\t<\/div>\n\t\t\t\t<\/div>\n\t\t<div class=\"elementor-element elementor-element-024e381 e-con-full e-flex elementor-invisible e-con e-child\" data-id=\"024e381\" data-element_type=\"container\" data-settings=\"{&quot;animation&quot;:&quot;fadeInRight&quot;}\">\n\t\t<div class=\"elementor-element elementor-element-1868e53 e-con-full e-flex elementor-invisible e-con e-child\" data-id=\"1868e53\" data-element_type=\"container\" data-settings=\"{&quot;animation&quot;:&quot;fadeInRight&quot;}\">\n\t\t\t\t<div class=\"elementor-element elementor-element-efa0602 elementor-widget elementor-widget-noxfolio-check-list\" data-id=\"efa0602\" data-element_type=\"widget\" data-widget_type=\"noxfolio-check-list.default\">\n\t\t\t\t<div class=\"elementor-widget-container\">\n\t\t\t\t\t    <ul class=\"noxfolio-check-list icon-left\">\r\n                    <li>\r\n                                <span class=\"list-icon\">\r\n\t\t\t\t\t<svg class=\"e-font-icon-svg e-fas-check\" viewbox=\"0 0 512 512\" xmlns=\"http:\/\/www.w3.org\/2000\/svg\"><path d=\"M173.898 439.404l-166.4-166.4c-9.997-9.997-9.997-26.206 0-36.204l36.203-36.204c9.997-9.998 26.207-9.998 36.204 0L192 312.69 432.095 72.596c9.997-9.997 26.207-9.997 36.204 0l36.203 36.204c9.997 9.997 9.997 26.206 0 36.204l-294.4 294.401c-9.998 9.997-26.207 9.997-36.204-.001z\"><\/path><\/svg>                <\/span>\r\n                                <span class=\"list-text\">\r\n                    Confirming medical appointments, consultations, <br>or service visits                <\/span>\r\n            <\/li>\r\n                    <li>\r\n                                <span class=\"list-icon\">\r\n\t\t\t\t\t<svg class=\"e-font-icon-svg e-fas-check\" viewbox=\"0 0 512 512\" xmlns=\"http:\/\/www.w3.org\/2000\/svg\"><path d=\"M173.898 439.404l-166.4-166.4c-9.997-9.997-9.997-26.206 0-36.204l36.203-36.204c9.997-9.998 26.207-9.998 36.204 0L192 312.69 432.095 72.596c9.997-9.997 26.207-9.997 36.204 0l36.203 36.204c9.997 9.997 9.997 26.206 0 36.204l-294.4 294.401c-9.998 9.997-26.207 9.997-36.204-.001z\"><\/path><\/svg>                <\/span>\r\n                                <span class=\"list-text\">\r\n                    Booking business meetings                <\/span>\r\n            <\/li>\r\n                    <li>\r\n                                <span class=\"list-icon\">\r\n\t\t\t\t\t<svg class=\"e-font-icon-svg e-fas-check\" viewbox=\"0 0 512 512\" xmlns=\"http:\/\/www.w3.org\/2000\/svg\"><path d=\"M173.898 439.404l-166.4-166.4c-9.997-9.997-9.997-26.206 0-36.204l36.203-36.204c9.997-9.998 26.207-9.998 36.204 0L192 312.69 432.095 72.596c9.997-9.997 26.207-9.997 36.204 0l36.203 36.204c9.997 9.997 9.997 26.206 0 36.204l-294.4 294.401c-9.998 9.997-26.207 9.997-36.204-.001z\"><\/path><\/svg>                <\/span>\r\n                                <span class=\"list-text\">\r\n                    Automatic reminders <br>for upcoming events                <\/span>\r\n            <\/li>\r\n            <\/ul>\r\n    \t\t\t\t<\/div>\n\t\t\t\t<\/div>\n\t\t\t\t<\/div>\n\t\t\t\t<\/div>\n\t\t\t\t<\/div>\n\t\t\t\t\t<\/div>\n\t\t\t\t<\/div>\n\t\t\t\t<\/div>","protected":false},"excerpt":{"rendered":"<p>Bookowanie \u2013 Automatyczne Potwierdzanie i Modyfikacja Termin\u00f3w Inteligentne Zarz\u0105dzanie Rezerwacjami Zapomnij o telefonach i r\u0119cznym umawianiu spotka\u0144 \u2013 nasz voicebot automatycznie potwierdza, zmienia i anuluje terminy, zapewniaj\u0105c pe\u0142n\u0105 wygod\u0119 zar\u00f3wno Twoim klientom, jak i Twojemu zespo\u0142owi. Automatyczne potwierdzanie rezerwacji Klienci mog\u0105 szybko zaakceptowa\u0107 um\u00f3wiony termin Mo\u017cliwo\u015b\u0107 zmiany i anulowania Bez konieczno\u015bci rozmowy z konsultantem mo\u017cna [&hellip;]<\/p>","protected":false},"author":1,"featured_media":0,"parent":0,"menu_order":0,"comment_status":"closed","ping_status":"closed","template":"","meta":{"inline_featured_image":false,"footnotes":""},"class_list":["post-6624","page","type-page","status-publish","hentry"],"yoast_head":"<!-- This site is optimized with the Yoast SEO Premium plugin v25.4 (Yoast SEO v25.9) - https:\/\/yoast.com\/wordpress\/plugins\/seo\/ -->\n<title>Voicebot AI<\/title>\n<meta name=\"robots\" content=\"index, follow, max-snippet:-1, max-image-preview:large, max-video-preview:-1\" \/>\n<link rel=\"canonical\" href=\"https:\/\/callbai.com\/en\/bookowanie\/\" \/>\n<meta property=\"og:locale\" content=\"en_US\" \/>\n<meta property=\"og:type\" content=\"article\" \/>\n<meta property=\"og:title\" content=\"Bookowanie\" \/>\n<meta property=\"og:description\" content=\"Bookowanie \u2013 Automatyczne Potwierdzanie i Modyfikacja Termin\u00f3w Inteligentne Zarz\u0105dzanie Rezerwacjami Zapomnij o telefonach i r\u0119cznym umawianiu spotka\u0144 \u2013 nasz voicebot automatycznie potwierdza, zmienia i anuluje terminy, zapewniaj\u0105c pe\u0142n\u0105 wygod\u0119 zar\u00f3wno Twoim klientom, jak i Twojemu zespo\u0142owi. Automatyczne potwierdzanie rezerwacji Klienci mog\u0105 szybko zaakceptowa\u0107 um\u00f3wiony termin Mo\u017cliwo\u015b\u0107 zmiany i anulowania Bez konieczno\u015bci rozmowy z konsultantem mo\u017cna [&hellip;]\" \/>\n<meta property=\"og:url\" content=\"https:\/\/callbai.com\/en\/bookowanie\/\" \/>\n<meta property=\"og:site_name\" content=\"Voicebot AI\" \/>\n<meta property=\"article:modified_time\" content=\"2025-06-27T07:55:04+00:00\" \/>\n<meta name=\"twitter:card\" content=\"summary_large_image\" \/>\n<meta name=\"twitter:label1\" content=\"Est. reading time\" \/>\n\t<meta name=\"twitter:data1\" content=\"2 minutes\" \/>\n<script type=\"application\/ld+json\" class=\"yoast-schema-graph\">{\"@context\":\"https:\/\/schema.org\",\"@graph\":[{\"@type\":\"WebPage\",\"@id\":\"https:\/\/callbai.com\/bookowanie\/\",\"url\":\"https:\/\/callbai.com\/bookowanie\/\",\"name\":\"Voicebot AI\",\"isPartOf\":{\"@id\":\"https:\/\/callbai.com\/#website\"},\"datePublished\":\"2025-02-24T13:02:45+00:00\",\"dateModified\":\"2025-06-27T07:55:04+00:00\",\"breadcrumb\":{\"@id\":\"https:\/\/callbai.com\/bookowanie\/#breadcrumb\"},\"inLanguage\":\"en-US\",\"potentialAction\":[{\"@type\":\"ReadAction\",\"target\":[\"https:\/\/callbai.com\/bookowanie\/\"]}]},{\"@type\":\"BreadcrumbList\",\"@id\":\"https:\/\/callbai.com\/bookowanie\/#breadcrumb\",\"itemListElement\":[{\"@type\":\"ListItem\",\"position\":1,\"name\":\"Strona g\u0142\u00f3wna\",\"item\":\"https:\/\/callbai.com\/\"},{\"@type\":\"ListItem\",\"position\":2,\"name\":\"Bookowanie\"}]},{\"@type\":\"WebSite\",\"@id\":\"https:\/\/callbai.com\/#website\",\"url\":\"https:\/\/callbai.com\/\",\"name\":\"Voicebot AI\",\"description\":\"Inteligentna Automatyzacja Rozm\u00f3w | Obs\u0142uga Klienta 24\/7\",\"publisher\":{\"@id\":\"https:\/\/callbai.com\/#organization\"},\"alternateName\":\"Voicebot AI\",\"potentialAction\":[{\"@type\":\"SearchAction\",\"target\":{\"@type\":\"EntryPoint\",\"urlTemplate\":\"https:\/\/callbai.com\/?s={search_term_string}\"},\"query-input\":{\"@type\":\"PropertyValueSpecification\",\"valueRequired\":true,\"valueName\":\"search_term_string\"}}],\"inLanguage\":\"en-US\"},{\"@type\":\"Organization\",\"@id\":\"https:\/\/callbai.com\/#organization\",\"name\":\"callbai.com\",\"url\":\"https:\/\/callbai.com\/\",\"logo\":{\"@type\":\"ImageObject\",\"inLanguage\":\"en-US\",\"@id\":\"https:\/\/callbai.com\/#\/schema\/logo\/image\/\",\"url\":\"https:\/\/callbai.com\/wp-content\/uploads\/2025\/02\/Zasob-1.png\",\"contentUrl\":\"https:\/\/callbai.com\/wp-content\/uploads\/2025\/02\/Zasob-1.png\",\"width\":225,\"height\":194,\"caption\":\"callbai.com\"},\"image\":{\"@id\":\"https:\/\/callbai.com\/#\/schema\/logo\/image\/\"}}]}<\/script>\n<!-- \/ Yoast SEO Premium plugin. -->","yoast_head_json":{"title":"Voicebot AI","robots":{"index":"index","follow":"follow","max-snippet":"max-snippet:-1","max-image-preview":"max-image-preview:large","max-video-preview":"max-video-preview:-1"},"canonical":"https:\/\/callbai.com\/en\/bookowanie\/","og_locale":"en_US","og_type":"article","og_title":"Bookowanie","og_description":"Bookowanie \u2013 Automatyczne Potwierdzanie i Modyfikacja Termin\u00f3w Inteligentne Zarz\u0105dzanie Rezerwacjami Zapomnij o telefonach i r\u0119cznym umawianiu spotka\u0144 \u2013 nasz voicebot automatycznie potwierdza, zmienia i anuluje terminy, zapewniaj\u0105c pe\u0142n\u0105 wygod\u0119 zar\u00f3wno Twoim klientom, jak i Twojemu zespo\u0142owi. Automatyczne potwierdzanie rezerwacji Klienci mog\u0105 szybko zaakceptowa\u0107 um\u00f3wiony termin Mo\u017cliwo\u015b\u0107 zmiany i anulowania Bez konieczno\u015bci rozmowy z konsultantem mo\u017cna [&hellip;]","og_url":"https:\/\/callbai.com\/en\/bookowanie\/","og_site_name":"Voicebot AI","article_modified_time":"2025-06-27T07:55:04+00:00","twitter_card":"summary_large_image","twitter_misc":{"Est. reading time":"2 minutes"},"schema":{"@context":"https:\/\/schema.org","@graph":[{"@type":"WebPage","@id":"https:\/\/callbai.com\/bookowanie\/","url":"https:\/\/callbai.com\/bookowanie\/","name":"Voicebot AI","isPartOf":{"@id":"https:\/\/callbai.com\/#website"},"datePublished":"2025-02-24T13:02:45+00:00","dateModified":"2025-06-27T07:55:04+00:00","breadcrumb":{"@id":"https:\/\/callbai.com\/bookowanie\/#breadcrumb"},"inLanguage":"en-US","potentialAction":[{"@type":"ReadAction","target":["https:\/\/callbai.com\/bookowanie\/"]}]},{"@type":"BreadcrumbList","@id":"https:\/\/callbai.com\/bookowanie\/#breadcrumb","itemListElement":[{"@type":"ListItem","position":1,"name":"Strona g\u0142\u00f3wna","item":"https:\/\/callbai.com\/"},{"@type":"ListItem","position":2,"name":"Bookowanie"}]},{"@type":"WebSite","@id":"https:\/\/callbai.com\/#website","url":"https:\/\/callbai.com\/","name":"Voicebot AI","description":"Inteligentna Automatyzacja Rozm\u00f3w | Obs\u0142uga Klienta 24\/7","publisher":{"@id":"https:\/\/callbai.com\/#organization"},"alternateName":"Voicebot AI","potentialAction":[{"@type":"SearchAction","target":{"@type":"EntryPoint","urlTemplate":"https:\/\/callbai.com\/?s={search_term_string}"},"query-input":{"@type":"PropertyValueSpecification","valueRequired":true,"valueName":"search_term_string"}}],"inLanguage":"en-US"},{"@type":"Organization","@id":"https:\/\/callbai.com\/#organization","name":"callbai.com","url":"https:\/\/callbai.com\/","logo":{"@type":"ImageObject","inLanguage":"en-US","@id":"https:\/\/callbai.com\/#\/schema\/logo\/image\/","url":"https:\/\/callbai.com\/wp-content\/uploads\/2025\/02\/Zasob-1.png","contentUrl":"https:\/\/callbai.com\/wp-content\/uploads\/2025\/02\/Zasob-1.png","width":225,"height":194,"caption":"callbai.com"},"image":{"@id":"https:\/\/callbai.com\/#\/schema\/logo\/image\/"}}]}},"_links":{"self":[{"href":"https:\/\/callbai.com\/en\/wp-json\/wp\/v2\/pages\/6624","targetHints":{"allow":["GET"]}}],"collection":[{"href":"https:\/\/callbai.com\/en\/wp-json\/wp\/v2\/pages"}],"about":[{"href":"https:\/\/callbai.com\/en\/wp-json\/wp\/v2\/types\/page"}],"author":[{"embeddable":true,"href":"https:\/\/callbai.com\/en\/wp-json\/wp\/v2\/users\/1"}],"replies":[{"embeddable":true,"href":"https:\/\/callbai.com\/en\/wp-json\/wp\/v2\/comments?post=6624"}],"version-history":[{"count":20,"href":"https:\/\/callbai.com\/en\/wp-json\/wp\/v2\/pages\/6624\/revisions"}],"predecessor-version":[{"id":7193,"href":"https:\/\/callbai.com\/en\/wp-json\/wp\/v2\/pages\/6624\/revisions\/7193"}],"wp:attachment":[{"href":"https:\/\/callbai.com\/en\/wp-json\/wp\/v2\/media?parent=6624"}],"curies":[{"name":"wp","href":"https:\/\/api.w.org\/{rel}","templated":true}]}}