{"id":6605,"date":"2025-02-24T12:42:29","date_gmt":"2025-02-24T12:42:29","guid":{"rendered":"https:\/\/callbai.com\/?page_id=6605"},"modified":"2025-04-01T09:36:17","modified_gmt":"2025-04-01T09:36:17","slug":"voicebot-w-sprzedazy","status":"publish","type":"page","link":"https:\/\/callbai.com\/en\/voicebot-w-sprzedazy\/","title":{"rendered":"Voicebot w Sprzeda\u017cy"},"content":{"rendered":"<div data-elementor-type=\"wp-page\" data-elementor-id=\"6605\" class=\"elementor elementor-6605\" data-elementor-post-type=\"page\">\n\t\t\t\t<div class=\"elementor-element elementor-element-4892c40 e-flex e-con-boxed e-con e-parent\" data-id=\"4892c40\" data-element_type=\"container\">\n\t\t\t\t\t<div class=\"e-con-inner\">\n\t\t<div class=\"elementor-element elementor-element-407fc4e e-con-full e-flex e-con e-child\" data-id=\"407fc4e\" data-element_type=\"container\">\n\t\t<div class=\"elementor-element elementor-element-3c871d6 e-con-full e-flex elementor-invisible e-con e-child\" data-id=\"3c871d6\" data-element_type=\"container\" data-settings=\"{&quot;animation&quot;:&quot;fadeInLeft&quot;}\">\n\t\t\t\t<div class=\"elementor-element elementor-element-e6ed415 elementor-widget elementor-widget-noxfolio-section-title\" data-id=\"e6ed415\" data-element_type=\"widget\" data-widget_type=\"noxfolio-section-title.default\">\n\t\t\t\t<div class=\"elementor-widget-container\">\n\t\t\t\t\t\t\t<div class=\"noxfolio-section-title\">\r\n\t\t\t\t\t\t<h3 class=\"title\">VoiceBot in Sales \u2013 Automating <span class=\"focus-text\">the Sales Process<\/span><\/h3>\t\t<\/div>\r\n\t\t\t\t\t\t<\/div>\n\t\t\t\t<\/div>\n\t\t\t\t<div class=\"elementor-element elementor-element-4f11ce9 elementor-widget elementor-widget-text-editor\" data-id=\"4f11ce9\" data-element_type=\"widget\" data-widget_type=\"text-editor.default\">\n\t\t\t\t<div class=\"elementor-widget-container\">\n\t\t\t\t\t\t\t\t\t<p data-start=\"2045\" data-end=\"2095\"><strong data-start=\"2050\" data-end=\"2093\">Modern Sales Powered by AI<\/strong><\/p><p data-start=\"2096\" data-end=\"2379\" class=\" translation-block\">Want to increase conversions, reach more customers, and streamline your sales process? Our <strong data-start=\"2196\" data-end=\"2220\">sales voicebot<\/strong> is an intelligent solution that will effectively guide your customers through the entire purchasing journey \u2014 from the first contact to the final transaction.<\/p>\t\t\t\t\t\t\t\t<\/div>\n\t\t\t\t<\/div>\n\t\t\t\t<\/div>\n\t\t<div class=\"elementor-element elementor-element-c469a2d e-con-full e-flex elementor-invisible e-con e-child\" data-id=\"c469a2d\" data-element_type=\"container\" data-settings=\"{&quot;animation&quot;:&quot;fadeInRight&quot;}\">\n\t\t\t\t<div class=\"elementor-element elementor-element-e2e583a elementor-widget elementor-widget-text-editor\" data-id=\"e2e583a\" data-element_type=\"widget\" data-widget_type=\"text-editor.default\">\n\t\t\t\t<div class=\"elementor-widget-container\">\n\t\t\t\t\t\t\t\t\t<p>How does the voicebot support sales?<\/p>\t\t\t\t\t\t\t\t<\/div>\n\t\t\t\t<\/div>\n\t\t<div class=\"elementor-element elementor-element-199a522 e-con-full e-flex e-con e-child\" data-id=\"199a522\" data-element_type=\"container\">\n\t\t\t\t<div class=\"elementor-element elementor-element-e4615ef e-transform elementor-widget elementor-widget-heading\" data-id=\"e4615ef\" data-element_type=\"widget\" data-settings=\"{&quot;_transform_rotateZ_effect&quot;:{&quot;unit&quot;:&quot;px&quot;,&quot;size&quot;:-6,&quot;sizes&quot;:[]},&quot;_transform_rotateZ_effect_widescreen&quot;:{&quot;unit&quot;:&quot;deg&quot;,&quot;size&quot;:&quot;&quot;,&quot;sizes&quot;:[]},&quot;_transform_rotateZ_effect_laptop&quot;:{&quot;unit&quot;:&quot;deg&quot;,&quot;size&quot;:&quot;&quot;,&quot;sizes&quot;:[]},&quot;_transform_rotateZ_effect_tablet_extra&quot;:{&quot;unit&quot;:&quot;deg&quot;,&quot;size&quot;:&quot;&quot;,&quot;sizes&quot;:[]},&quot;_transform_rotateZ_effect_tablet&quot;:{&quot;unit&quot;:&quot;deg&quot;,&quot;size&quot;:&quot;&quot;,&quot;sizes&quot;:[]},&quot;_transform_rotateZ_effect_mobile&quot;:{&quot;unit&quot;:&quot;deg&quot;,&quot;size&quot;:&quot;&quot;,&quot;sizes&quot;:[]}}\" data-widget_type=\"heading.default\">\n\t\t\t\t<div class=\"elementor-widget-container\">\n\t\t\t\t\t<h6 class=\"elementor-heading-title elementor-size-default\">Automatic lead generation <\/h6>\t\t\t\t<\/div>\n\t\t\t\t<\/div>\n\t\t\t\t<div class=\"elementor-element elementor-element-30ffaaa e-transform elementor-widget elementor-widget-heading\" data-id=\"30ffaaa\" data-element_type=\"widget\" data-settings=\"{&quot;_transform_rotateZ_effect&quot;:{&quot;unit&quot;:&quot;px&quot;,&quot;size&quot;:8,&quot;sizes&quot;:[]},&quot;_transform_rotateZ_effect_widescreen&quot;:{&quot;unit&quot;:&quot;deg&quot;,&quot;size&quot;:&quot;&quot;,&quot;sizes&quot;:[]},&quot;_transform_rotateZ_effect_laptop&quot;:{&quot;unit&quot;:&quot;deg&quot;,&quot;size&quot;:&quot;&quot;,&quot;sizes&quot;:[]},&quot;_transform_rotateZ_effect_tablet_extra&quot;:{&quot;unit&quot;:&quot;deg&quot;,&quot;size&quot;:&quot;&quot;,&quot;sizes&quot;:[]},&quot;_transform_rotateZ_effect_tablet&quot;:{&quot;unit&quot;:&quot;deg&quot;,&quot;size&quot;:&quot;&quot;,&quot;sizes&quot;:[]},&quot;_transform_rotateZ_effect_mobile&quot;:{&quot;unit&quot;:&quot;deg&quot;,&quot;size&quot;:&quot;&quot;,&quot;sizes&quot;:[]}}\" data-widget_type=\"heading.default\">\n\t\t\t\t<div class=\"elementor-widget-container\">\n\t\t\t\t\t<h6 class=\"elementor-heading-title elementor-size-default\">Effective inbound and outbound handling<\/h6>\t\t\t\t<\/div>\n\t\t\t\t<\/div>\n\t\t\t\t<div class=\"elementor-element elementor-element-b99bf7b e-transform elementor-widget elementor-widget-heading\" data-id=\"b99bf7b\" data-element_type=\"widget\" data-settings=\"{&quot;_transform_rotateZ_effect&quot;:{&quot;unit&quot;:&quot;px&quot;,&quot;size&quot;:3,&quot;sizes&quot;:[]},&quot;_transform_rotateZ_effect_widescreen&quot;:{&quot;unit&quot;:&quot;deg&quot;,&quot;size&quot;:&quot;&quot;,&quot;sizes&quot;:[]},&quot;_transform_rotateZ_effect_laptop&quot;:{&quot;unit&quot;:&quot;deg&quot;,&quot;size&quot;:&quot;&quot;,&quot;sizes&quot;:[]},&quot;_transform_rotateZ_effect_tablet_extra&quot;:{&quot;unit&quot;:&quot;deg&quot;,&quot;size&quot;:&quot;&quot;,&quot;sizes&quot;:[]},&quot;_transform_rotateZ_effect_tablet&quot;:{&quot;unit&quot;:&quot;deg&quot;,&quot;size&quot;:&quot;&quot;,&quot;sizes&quot;:[]},&quot;_transform_rotateZ_effect_mobile&quot;:{&quot;unit&quot;:&quot;deg&quot;,&quot;size&quot;:&quot;&quot;,&quot;sizes&quot;:[]}}\" data-widget_type=\"heading.default\">\n\t\t\t\t<div class=\"elementor-widget-container\">\n\t\t\t\t\t<h6 class=\"elementor-heading-title elementor-size-default\">Offer personalization<\/h6>\t\t\t\t<\/div>\n\t\t\t\t<\/div>\n\t\t\t\t<div class=\"elementor-element elementor-element-c9071d6 e-transform elementor-widget elementor-widget-heading\" data-id=\"c9071d6\" data-element_type=\"widget\" data-settings=\"{&quot;_transform_rotateZ_effect&quot;:{&quot;unit&quot;:&quot;px&quot;,&quot;size&quot;:4,&quot;sizes&quot;:[]},&quot;_transform_rotateZ_effect_widescreen&quot;:{&quot;unit&quot;:&quot;deg&quot;,&quot;size&quot;:&quot;&quot;,&quot;sizes&quot;:[]},&quot;_transform_rotateZ_effect_laptop&quot;:{&quot;unit&quot;:&quot;deg&quot;,&quot;size&quot;:&quot;&quot;,&quot;sizes&quot;:[]},&quot;_transform_rotateZ_effect_tablet_extra&quot;:{&quot;unit&quot;:&quot;deg&quot;,&quot;size&quot;:&quot;&quot;,&quot;sizes&quot;:[]},&quot;_transform_rotateZ_effect_tablet&quot;:{&quot;unit&quot;:&quot;deg&quot;,&quot;size&quot;:&quot;&quot;,&quot;sizes&quot;:[]},&quot;_transform_rotateZ_effect_mobile&quot;:{&quot;unit&quot;:&quot;deg&quot;,&quot;size&quot;:&quot;&quot;,&quot;sizes&quot;:[]}}\" data-widget_type=\"heading.default\">\n\t\t\t\t<div class=\"elementor-widget-container\">\n\t\t\t\t\t<h6 class=\"elementor-heading-title elementor-size-default\">Cross-selling and up-selling<\/h6>\t\t\t\t<\/div>\n\t\t\t\t<\/div>\n\t\t\t\t<div class=\"elementor-element elementor-element-8707d8d e-transform elementor-widget elementor-widget-heading\" data-id=\"8707d8d\" data-element_type=\"widget\" data-settings=\"{&quot;_transform_rotateZ_effect&quot;:{&quot;unit&quot;:&quot;px&quot;,&quot;size&quot;:4,&quot;sizes&quot;:[]},&quot;_transform_rotateZ_effect_widescreen&quot;:{&quot;unit&quot;:&quot;deg&quot;,&quot;size&quot;:&quot;&quot;,&quot;sizes&quot;:[]},&quot;_transform_rotateZ_effect_laptop&quot;:{&quot;unit&quot;:&quot;deg&quot;,&quot;size&quot;:&quot;&quot;,&quot;sizes&quot;:[]},&quot;_transform_rotateZ_effect_tablet_extra&quot;:{&quot;unit&quot;:&quot;deg&quot;,&quot;size&quot;:&quot;&quot;,&quot;sizes&quot;:[]},&quot;_transform_rotateZ_effect_tablet&quot;:{&quot;unit&quot;:&quot;deg&quot;,&quot;size&quot;:&quot;&quot;,&quot;sizes&quot;:[]},&quot;_transform_rotateZ_effect_mobile&quot;:{&quot;unit&quot;:&quot;deg&quot;,&quot;size&quot;:&quot;&quot;,&quot;sizes&quot;:[]}}\" data-widget_type=\"heading.default\">\n\t\t\t\t<div class=\"elementor-widget-container\">\n\t\t\t\t\t<h6 class=\"elementor-heading-title elementor-size-default\">Fast order processing<\/h6>\t\t\t\t<\/div>\n\t\t\t\t<\/div>\n\t\t\t\t<\/div>\n\t\t\t\t<\/div>\n\t\t\t\t<\/div>\n\t\t<div class=\"elementor-element elementor-element-437aa17 e-con-full e-flex e-con e-child\" data-id=\"437aa17\" data-element_type=\"container\">\n\t\t<div class=\"elementor-element elementor-element-e627207 e-con-full e-flex elementor-invisible e-con e-child\" data-id=\"e627207\" data-element_type=\"container\" data-settings=\"{&quot;animation&quot;:&quot;fadeInLeft&quot;}\">\n\t\t\t\t<div class=\"elementor-element elementor-element-72225fa elementor-widget elementor-widget-noxfolio-section-title\" data-id=\"72225fa\" data-element_type=\"widget\" data-widget_type=\"noxfolio-section-title.default\">\n\t\t\t\t<div class=\"elementor-widget-container\">\n\t\t\t\t\t\t\t<div class=\"noxfolio-section-title\">\r\n\t\t\t\t\t\t<h3 class=\"title\">Guiding the <span class=\"focus-text\">Sales Process<\/span><\/h3>\t\t<\/div>\r\n\t\t\t\t\t\t<\/div>\n\t\t\t\t<\/div>\n\t\t\t\t<div class=\"elementor-element elementor-element-a7fa1c6 elementor-widget elementor-widget-text-editor\" data-id=\"a7fa1c6\" data-element_type=\"widget\" data-widget_type=\"text-editor.default\">\n\t\t\t\t<div class=\"elementor-widget-container\">\n\t\t\t\t\t\t\t\t\t<p data-start=\"3125\" data-end=\"3232\">The voicebot not only initiates contact but also efficiently guides the customer through the entire sales process:<\/p><p data-start=\"3234\" data-end=\"3330\" class=\" translation-block\">Initial conversation \u2192 Needs analysis \u2192 <br>Offer presentation \u2192 Transaction finalization<\/p>\t\t\t\t\t\t\t\t<\/div>\n\t\t\t\t<\/div>\n\t\t\t\t<\/div>\n\t\t<div class=\"elementor-element elementor-element-c6114c2 e-con-full e-flex elementor-invisible e-con e-child\" data-id=\"c6114c2\" data-element_type=\"container\" data-settings=\"{&quot;animation&quot;:&quot;fadeInRight&quot;}\">\n\t\t\t\t<div class=\"elementor-element elementor-element-031d875 elementor-icon-list--layout-traditional elementor-list-item-link-full_width elementor-widget elementor-widget-icon-list\" data-id=\"031d875\" data-element_type=\"widget\" data-widget_type=\"icon-list.default\">\n\t\t\t\t<div class=\"elementor-widget-container\">\n\t\t\t\t\t\t\t<ul class=\"elementor-icon-list-items\">\n\t\t\t\t\t\t\t<li class=\"elementor-icon-list-item\">\n\t\t\t\t\t\t\t\t\t\t\t<span class=\"elementor-icon-list-icon\">\n\t\t\t\t\t\t\t<svg aria-hidden=\"true\" class=\"e-font-icon-svg e-fas-check\" viewbox=\"0 0 512 512\" xmlns=\"http:\/\/www.w3.org\/2000\/svg\"><path d=\"M173.898 439.404l-166.4-166.4c-9.997-9.997-9.997-26.206 0-36.204l36.203-36.204c9.997-9.998 26.207-9.998 36.204 0L192 312.69 432.095 72.596c9.997-9.997 26.207-9.997 36.204 0l36.203 36.204c9.997 9.997 9.997 26.206 0 36.204l-294.4 294.401c-9.998 9.997-26.207 9.997-36.204-.001z\"><\/path><\/svg>\t\t\t\t\t\t<\/span>\n\t\t\t\t\t\t\t\t\t\t<span class=\"elementor-icon-list-text\">cAutomatically scheduling sales meetings<\/span>\n\t\t\t\t\t\t\t\t\t<\/li>\n\t\t\t\t\t\t\t\t<li class=\"elementor-icon-list-item\">\n\t\t\t\t\t\t\t\t\t\t\t<span class=\"elementor-icon-list-icon\">\n\t\t\t\t\t\t\t<svg aria-hidden=\"true\" class=\"e-font-icon-svg e-fas-check\" viewbox=\"0 0 512 512\" xmlns=\"http:\/\/www.w3.org\/2000\/svg\"><path d=\"M173.898 439.404l-166.4-166.4c-9.997-9.997-9.997-26.206 0-36.204l36.203-36.204c9.997-9.998 26.207-9.998 36.204 0L192 312.69 432.095 72.596c9.997-9.997 26.207-9.997 36.204 0l36.203 36.204c9.997 9.997 9.997 26.206 0 36.204l-294.4 294.401c-9.998 9.997-26.207 9.997-36.204-.001z\"><\/path><\/svg>\t\t\t\t\t\t<\/span>\n\t\t\t\t\t\t\t\t\t\t<span class=\"elementor-icon-list-text\">Handling inquiries about prices and product availability<\/span>\n\t\t\t\t\t\t\t\t\t<\/li>\n\t\t\t\t\t\t\t\t<li class=\"elementor-icon-list-item\">\n\t\t\t\t\t\t\t\t\t\t\t<span class=\"elementor-icon-list-icon\">\n\t\t\t\t\t\t\t<svg aria-hidden=\"true\" class=\"e-font-icon-svg e-fas-check\" viewbox=\"0 0 512 512\" xmlns=\"http:\/\/www.w3.org\/2000\/svg\"><path d=\"M173.898 439.404l-166.4-166.4c-9.997-9.997-9.997-26.206 0-36.204l36.203-36.204c9.997-9.998 26.207-9.998 36.204 0L192 312.69 432.095 72.596c9.997-9.997 26.207-9.997 36.204 0l36.203 36.204c9.997 9.997 9.997 26.206 0 36.204l-294.4 294.401c-9.998 9.997-26.207 9.997-36.204-.001z\"><\/path><\/svg>\t\t\t\t\t\t<\/span>\n\t\t\t\t\t\t\t\t\t\t<span class=\"elementor-icon-list-text\">Informing customers about order status<\/span>\n\t\t\t\t\t\t\t\t\t<\/li>\n\t\t\t\t\t\t\t\t<li class=\"elementor-icon-list-item\">\n\t\t\t\t\t\t\t\t\t\t\t<span class=\"elementor-icon-list-icon\">\n\t\t\t\t\t\t\t<svg aria-hidden=\"true\" class=\"e-font-icon-svg e-fas-check\" viewbox=\"0 0 512 512\" xmlns=\"http:\/\/www.w3.org\/2000\/svg\"><path d=\"M173.898 439.404l-166.4-166.4c-9.997-9.997-9.997-26.206 0-36.204l36.203-36.204c9.997-9.998 26.207-9.998 36.204 0L192 312.69 432.095 72.596c9.997-9.997 26.207-9.997 36.204 0l36.203 36.204c9.997 9.997 9.997 26.206 0 36.204l-294.4 294.401c-9.998 9.997-26.207 9.997-36.204-.001z\"><\/path><\/svg>\t\t\t\t\t\t<\/span>\n\t\t\t\t\t\t\t\t\t\t<span class=\"elementor-icon-list-text\">Passing leads to sales advisors<\/span>\n\t\t\t\t\t\t\t\t\t<\/li>\n\t\t\t\t\t\t<\/ul>\n\t\t\t\t\t\t<\/div>\n\t\t\t\t<\/div>\n\t\t\t\t<\/div>\n\t\t\t\t<\/div>\n\t\t\t\t\t<\/div>\n\t\t\t\t<\/div>\n\t\t\t\t<\/div>","protected":false},"excerpt":{"rendered":"<p>Voicebot w Sprzeda\u017cy \u2013 Automatyzacja Procesu Sprzeda\u017cowego Nowoczesna Sprzeda\u017c z Wykorzystaniem AI Chcesz zwi\u0119kszy\u0107 konwersj\u0119, dociera\u0107 do wi\u0119kszej liczby klient\u00f3w i usprawni\u0107 proces sprzeda\u017cy? Nasz voicebot sprzeda\u017cowy to inteligentne rozwi\u0105zanie, kt\u00f3re skutecznie przeprowadzi Twoich klient\u00f3w przez ca\u0142y proces zakupowy \u2013 od pierwszego kontaktu a\u017c po finalizacj\u0119 transakcji. Jak voicebot wspiera sprzeda\u017c? Automatyczne generowanie lead\u00f3w Skuteczna [&hellip;]<\/p>","protected":false},"author":1,"featured_media":0,"parent":0,"menu_order":0,"comment_status":"closed","ping_status":"closed","template":"","meta":{"inline_featured_image":false,"footnotes":""},"class_list":["post-6605","page","type-page","status-publish","hentry"],"yoast_head":"<!-- This site is optimized with the Yoast SEO Premium plugin v25.4 (Yoast SEO v25.9) - https:\/\/yoast.com\/wordpress\/plugins\/seo\/ -->\n<title>Voicebot AI<\/title>\n<meta name=\"robots\" content=\"index, follow, max-snippet:-1, max-image-preview:large, max-video-preview:-1\" \/>\n<link rel=\"canonical\" href=\"https:\/\/callbai.com\/en\/voicebot-w-sprzedazy\/\" \/>\n<meta property=\"og:locale\" content=\"en_US\" \/>\n<meta property=\"og:type\" content=\"article\" \/>\n<meta property=\"og:title\" content=\"Voicebot w Sprzeda\u017cy\" \/>\n<meta property=\"og:description\" content=\"Voicebot w Sprzeda\u017cy \u2013 Automatyzacja Procesu Sprzeda\u017cowego Nowoczesna Sprzeda\u017c z Wykorzystaniem AI Chcesz zwi\u0119kszy\u0107 konwersj\u0119, dociera\u0107 do wi\u0119kszej liczby klient\u00f3w i usprawni\u0107 proces sprzeda\u017cy? Nasz voicebot sprzeda\u017cowy to inteligentne rozwi\u0105zanie, kt\u00f3re skutecznie przeprowadzi Twoich klient\u00f3w przez ca\u0142y proces zakupowy \u2013 od pierwszego kontaktu a\u017c po finalizacj\u0119 transakcji. Jak voicebot wspiera sprzeda\u017c? Automatyczne generowanie lead\u00f3w Skuteczna [&hellip;]\" \/>\n<meta property=\"og:url\" content=\"https:\/\/callbai.com\/en\/voicebot-w-sprzedazy\/\" \/>\n<meta property=\"og:site_name\" content=\"Voicebot AI\" \/>\n<meta property=\"article:modified_time\" content=\"2025-04-01T09:36:17+00:00\" \/>\n<meta name=\"twitter:card\" content=\"summary_large_image\" \/>\n<meta name=\"twitter:label1\" content=\"Est. reading time\" \/>\n\t<meta name=\"twitter:data1\" content=\"1 minute\" \/>\n<script type=\"application\/ld+json\" class=\"yoast-schema-graph\">{\"@context\":\"https:\/\/schema.org\",\"@graph\":[{\"@type\":\"WebPage\",\"@id\":\"https:\/\/callbai.com\/voicebot-w-sprzedazy\/\",\"url\":\"https:\/\/callbai.com\/voicebot-w-sprzedazy\/\",\"name\":\"Voicebot AI\",\"isPartOf\":{\"@id\":\"https:\/\/callbai.com\/#website\"},\"datePublished\":\"2025-02-24T12:42:29+00:00\",\"dateModified\":\"2025-04-01T09:36:17+00:00\",\"breadcrumb\":{\"@id\":\"https:\/\/callbai.com\/voicebot-w-sprzedazy\/#breadcrumb\"},\"inLanguage\":\"en-US\",\"potentialAction\":[{\"@type\":\"ReadAction\",\"target\":[\"https:\/\/callbai.com\/voicebot-w-sprzedazy\/\"]}]},{\"@type\":\"BreadcrumbList\",\"@id\":\"https:\/\/callbai.com\/voicebot-w-sprzedazy\/#breadcrumb\",\"itemListElement\":[{\"@type\":\"ListItem\",\"position\":1,\"name\":\"Strona g\u0142\u00f3wna\",\"item\":\"https:\/\/callbai.com\/\"},{\"@type\":\"ListItem\",\"position\":2,\"name\":\"Voicebot w Sprzeda\u017cy\"}]},{\"@type\":\"WebSite\",\"@id\":\"https:\/\/callbai.com\/#website\",\"url\":\"https:\/\/callbai.com\/\",\"name\":\"Voicebot AI\",\"description\":\"Inteligentna Automatyzacja Rozm\u00f3w | Obs\u0142uga Klienta 24\/7\",\"publisher\":{\"@id\":\"https:\/\/callbai.com\/#organization\"},\"alternateName\":\"Voicebot AI\",\"potentialAction\":[{\"@type\":\"SearchAction\",\"target\":{\"@type\":\"EntryPoint\",\"urlTemplate\":\"https:\/\/callbai.com\/?s={search_term_string}\"},\"query-input\":{\"@type\":\"PropertyValueSpecification\",\"valueRequired\":true,\"valueName\":\"search_term_string\"}}],\"inLanguage\":\"en-US\"},{\"@type\":\"Organization\",\"@id\":\"https:\/\/callbai.com\/#organization\",\"name\":\"callbai.com\",\"url\":\"https:\/\/callbai.com\/\",\"logo\":{\"@type\":\"ImageObject\",\"inLanguage\":\"en-US\",\"@id\":\"https:\/\/callbai.com\/#\/schema\/logo\/image\/\",\"url\":\"https:\/\/callbai.com\/wp-content\/uploads\/2025\/02\/Zasob-1.png\",\"contentUrl\":\"https:\/\/callbai.com\/wp-content\/uploads\/2025\/02\/Zasob-1.png\",\"width\":225,\"height\":194,\"caption\":\"callbai.com\"},\"image\":{\"@id\":\"https:\/\/callbai.com\/#\/schema\/logo\/image\/\"}}]}<\/script>\n<!-- \/ Yoast SEO Premium plugin. -->","yoast_head_json":{"title":"Voicebot AI","robots":{"index":"index","follow":"follow","max-snippet":"max-snippet:-1","max-image-preview":"max-image-preview:large","max-video-preview":"max-video-preview:-1"},"canonical":"https:\/\/callbai.com\/en\/voicebot-w-sprzedazy\/","og_locale":"en_US","og_type":"article","og_title":"Voicebot w Sprzeda\u017cy","og_description":"Voicebot w Sprzeda\u017cy \u2013 Automatyzacja Procesu Sprzeda\u017cowego Nowoczesna Sprzeda\u017c z Wykorzystaniem AI Chcesz zwi\u0119kszy\u0107 konwersj\u0119, dociera\u0107 do wi\u0119kszej liczby klient\u00f3w i usprawni\u0107 proces sprzeda\u017cy? Nasz voicebot sprzeda\u017cowy to inteligentne rozwi\u0105zanie, kt\u00f3re skutecznie przeprowadzi Twoich klient\u00f3w przez ca\u0142y proces zakupowy \u2013 od pierwszego kontaktu a\u017c po finalizacj\u0119 transakcji. Jak voicebot wspiera sprzeda\u017c? Automatyczne generowanie lead\u00f3w Skuteczna [&hellip;]","og_url":"https:\/\/callbai.com\/en\/voicebot-w-sprzedazy\/","og_site_name":"Voicebot AI","article_modified_time":"2025-04-01T09:36:17+00:00","twitter_card":"summary_large_image","twitter_misc":{"Est. reading time":"1 minute"},"schema":{"@context":"https:\/\/schema.org","@graph":[{"@type":"WebPage","@id":"https:\/\/callbai.com\/voicebot-w-sprzedazy\/","url":"https:\/\/callbai.com\/voicebot-w-sprzedazy\/","name":"Voicebot AI","isPartOf":{"@id":"https:\/\/callbai.com\/#website"},"datePublished":"2025-02-24T12:42:29+00:00","dateModified":"2025-04-01T09:36:17+00:00","breadcrumb":{"@id":"https:\/\/callbai.com\/voicebot-w-sprzedazy\/#breadcrumb"},"inLanguage":"en-US","potentialAction":[{"@type":"ReadAction","target":["https:\/\/callbai.com\/voicebot-w-sprzedazy\/"]}]},{"@type":"BreadcrumbList","@id":"https:\/\/callbai.com\/voicebot-w-sprzedazy\/#breadcrumb","itemListElement":[{"@type":"ListItem","position":1,"name":"Strona g\u0142\u00f3wna","item":"https:\/\/callbai.com\/"},{"@type":"ListItem","position":2,"name":"Voicebot w Sprzeda\u017cy"}]},{"@type":"WebSite","@id":"https:\/\/callbai.com\/#website","url":"https:\/\/callbai.com\/","name":"Voicebot AI","description":"Inteligentna Automatyzacja Rozm\u00f3w | Obs\u0142uga Klienta 24\/7","publisher":{"@id":"https:\/\/callbai.com\/#organization"},"alternateName":"Voicebot AI","potentialAction":[{"@type":"SearchAction","target":{"@type":"EntryPoint","urlTemplate":"https:\/\/callbai.com\/?s={search_term_string}"},"query-input":{"@type":"PropertyValueSpecification","valueRequired":true,"valueName":"search_term_string"}}],"inLanguage":"en-US"},{"@type":"Organization","@id":"https:\/\/callbai.com\/#organization","name":"callbai.com","url":"https:\/\/callbai.com\/","logo":{"@type":"ImageObject","inLanguage":"en-US","@id":"https:\/\/callbai.com\/#\/schema\/logo\/image\/","url":"https:\/\/callbai.com\/wp-content\/uploads\/2025\/02\/Zasob-1.png","contentUrl":"https:\/\/callbai.com\/wp-content\/uploads\/2025\/02\/Zasob-1.png","width":225,"height":194,"caption":"callbai.com"},"image":{"@id":"https:\/\/callbai.com\/#\/schema\/logo\/image\/"}}]}},"_links":{"self":[{"href":"https:\/\/callbai.com\/en\/wp-json\/wp\/v2\/pages\/6605","targetHints":{"allow":["GET"]}}],"collection":[{"href":"https:\/\/callbai.com\/en\/wp-json\/wp\/v2\/pages"}],"about":[{"href":"https:\/\/callbai.com\/en\/wp-json\/wp\/v2\/types\/page"}],"author":[{"embeddable":true,"href":"https:\/\/callbai.com\/en\/wp-json\/wp\/v2\/users\/1"}],"replies":[{"embeddable":true,"href":"https:\/\/callbai.com\/en\/wp-json\/wp\/v2\/comments?post=6605"}],"version-history":[{"count":13,"href":"https:\/\/callbai.com\/en\/wp-json\/wp\/v2\/pages\/6605\/revisions"}],"predecessor-version":[{"id":7098,"href":"https:\/\/callbai.com\/en\/wp-json\/wp\/v2\/pages\/6605\/revisions\/7098"}],"wp:attachment":[{"href":"https:\/\/callbai.com\/en\/wp-json\/wp\/v2\/media?parent=6605"}],"curies":[{"name":"wp","href":"https:\/\/api.w.org\/{rel}","templated":true}]}}