{"id":6593,"date":"2025-02-24T13:53:30","date_gmt":"2025-02-24T13:53:30","guid":{"rendered":"https:\/\/callbai.com\/?page_id=6593"},"modified":"2025-04-01T09:35:52","modified_gmt":"2025-04-01T09:35:52","slug":"zgloszenia","status":"publish","type":"page","link":"https:\/\/callbai.com\/en\/zgloszenia\/","title":{"rendered":"Incident Reports"},"content":{"rendered":"<div data-elementor-type=\"wp-page\" data-elementor-id=\"6593\" class=\"elementor elementor-6593\" data-elementor-post-type=\"page\">\n\t\t\t\t<div class=\"elementor-element elementor-element-4892c40 e-flex e-con-boxed e-con e-parent\" data-id=\"4892c40\" data-element_type=\"container\">\n\t\t\t\t\t<div class=\"e-con-inner\">\n\t\t<div class=\"elementor-element elementor-element-407fc4e e-con-full e-flex e-con e-child\" data-id=\"407fc4e\" data-element_type=\"container\">\n\t\t<div class=\"elementor-element elementor-element-3c871d6 e-con-full e-flex elementor-invisible e-con e-child\" data-id=\"3c871d6\" data-element_type=\"container\" data-settings=\"{&quot;animation&quot;:&quot;fadeInLeft&quot;}\">\n\t\t\t\t<div class=\"elementor-element elementor-element-e6ed415 elementor-widget elementor-widget-noxfolio-section-title\" data-id=\"e6ed415\" data-element_type=\"widget\" data-widget_type=\"noxfolio-section-title.default\">\n\t\t\t\t<div class=\"elementor-widget-container\">\n\t\t\t\t\t\t\t<div class=\"noxfolio-section-title\">\r\n\t\t\t\t\t\t<h3 class=\"title\">Incident Reports \u2013 Automated Handling of <span class=\"focus-text\">Emergency Requests<\/span><\/h3>\t\t<\/div>\r\n\t\t\t\t\t\t<\/div>\n\t\t\t\t<\/div>\n\t\t\t\t<div class=\"elementor-element elementor-element-4f11ce9 elementor-widget elementor-widget-text-editor\" data-id=\"4f11ce9\" data-element_type=\"widget\" data-widget_type=\"text-editor.default\">\n\t\t\t\t<div class=\"elementor-widget-container\">\n\t\t\t\t\t\t\t\t\t<p data-start=\"75\" data-end=\"126\"><strong data-start=\"80\" data-end=\"124\">Fast and Effective Incident Management<\/strong><\/p><p data-start=\"127\" data-end=\"450\" class=\" translation-block\">Every second counts when an emergency occurs. Our <strong data-start=\"184\" data-end=\"209\">intelligent voicebot<\/strong> enables instant handling of urgent incident reports, eliminating the need for long wait times to connect with an agent. With an automated reporting system, your business operates more efficiently, and customers receive immediate assistance.<\/p>\t\t\t\t\t\t\t\t<\/div>\n\t\t\t\t<\/div>\n\t\t\t\t<\/div>\n\t\t<div class=\"elementor-element elementor-element-c469a2d e-con-full e-flex elementor-invisible e-con e-child\" data-id=\"c469a2d\" data-element_type=\"container\" data-settings=\"{&quot;animation&quot;:&quot;fadeInRight&quot;}\">\n\t\t<div class=\"elementor-element elementor-element-c6114c2 e-con-full e-flex elementor-invisible e-con e-child\" data-id=\"c6114c2\" data-element_type=\"container\" data-settings=\"{&quot;animation&quot;:&quot;fadeInRight&quot;}\">\n\t\t\t\t<div class=\"elementor-element elementor-element-24e2d05 elementor-widget elementor-widget-n-accordion\" data-id=\"24e2d05\" data-element_type=\"widget\" data-settings=\"{&quot;default_state&quot;:&quot;expanded&quot;,&quot;max_items_expended&quot;:&quot;one&quot;,&quot;n_accordion_animation_duration&quot;:{&quot;unit&quot;:&quot;ms&quot;,&quot;size&quot;:400,&quot;sizes&quot;:[]}}\" data-widget_type=\"nested-accordion.default\">\n\t\t\t\t<div class=\"elementor-widget-container\">\n\t\t\t\t\t\t\t<div class=\"e-n-accordion\" aria-label=\"Accordion. Open links with Enter or Space, close with Escape, and navigate with Arrow Keys\">\n\t\t\t\t\t\t<details id=\"e-n-accordion-item-3860\" class=\"e-n-accordion-item\" open>\n\t\t\t\t<summary class=\"e-n-accordion-item-title\" data-accordion-index=\"1\" tabindex=\"0\" aria-expanded=\"true\" aria-controls=\"e-n-accordion-item-3860\" >\n\t\t\t\t\t<span class='e-n-accordion-item-title-header'><div class=\"e-n-accordion-item-title-text\"> 24\/7 availability <\/div><\/span>\n\t\t\t\t\t\t\t<span class='e-n-accordion-item-title-icon'>\n\t\t\t<span class='e-opened' ><svg aria-hidden=\"true\" class=\"e-font-icon-svg e-fas-angle-down\" viewbox=\"0 0 320 512\" xmlns=\"http:\/\/www.w3.org\/2000\/svg\"><path d=\"M143 352.3L7 216.3c-9.4-9.4-9.4-24.6 0-33.9l22.6-22.6c9.4-9.4 24.6-9.4 33.9 0l96.4 96.4 96.4-96.4c9.4-9.4 24.6-9.4 33.9 0l22.6 22.6c9.4 9.4 9.4 24.6 0 33.9l-136 136c-9.2 9.4-24.4 9.4-33.8 0z\"><\/path><\/svg><\/span>\n\t\t\t<span class='e-closed'><svg aria-hidden=\"true\" class=\"e-font-icon-svg e-fas-angle-right\" viewbox=\"0 0 256 512\" xmlns=\"http:\/\/www.w3.org\/2000\/svg\"><path d=\"M224.3 273l-136 136c-9.4 9.4-24.6 9.4-33.9 0l-22.6-22.6c-9.4-9.4-9.4-24.6 0-33.9l96.4-96.4-96.4-96.4c-9.4-9.4-9.4-24.6 0-33.9L54.3 103c9.4-9.4 24.6-9.4 33.9 0l136 136c9.5 9.4 9.5 24.6.1 34z\"><\/path><\/svg><\/span>\n\t\t<\/span>\n\n\t\t\t\t\t\t<\/summary>\n\t\t\t\t<div role=\"region\" aria-labelledby=\"e-n-accordion-item-3860\" class=\"elementor-element elementor-element-d8957bf e-con-full e-flex e-con e-child\" data-id=\"d8957bf\" data-element_type=\"container\">\n\t\t\t\t<div class=\"elementor-element elementor-element-dfa8d44 elementor-widget elementor-widget-text-editor\" data-id=\"dfa8d44\" data-element_type=\"widget\" data-widget_type=\"text-editor.default\">\n\t\t\t\t<div class=\"elementor-widget-container\">\n\t\t\t\t\t\t\t\t\t<p>The voicebot accepts emergency reports at any time, regardless of call volume.<\/p>\t\t\t\t\t\t\t\t<\/div>\n\t\t\t\t<\/div>\n\t\t\t\t<\/div>\n\t\t\t\t\t<\/details>\n\t\t\t\t\t\t<details id=\"e-n-accordion-item-3861\" class=\"e-n-accordion-item\" >\n\t\t\t\t<summary class=\"e-n-accordion-item-title\" data-accordion-index=\"2\" tabindex=\"-1\" aria-expanded=\"false\" aria-controls=\"e-n-accordion-item-3861\" >\n\t\t\t\t\t<span class='e-n-accordion-item-title-header'><div class=\"e-n-accordion-item-title-text\"> Automatic incident classification <\/div><\/span>\n\t\t\t\t\t\t\t<span class='e-n-accordion-item-title-icon'>\n\t\t\t<span class='e-opened' ><svg aria-hidden=\"true\" class=\"e-font-icon-svg e-fas-angle-down\" viewbox=\"0 0 320 512\" xmlns=\"http:\/\/www.w3.org\/2000\/svg\"><path d=\"M143 352.3L7 216.3c-9.4-9.4-9.4-24.6 0-33.9l22.6-22.6c9.4-9.4 24.6-9.4 33.9 0l96.4 96.4 96.4-96.4c9.4-9.4 24.6-9.4 33.9 0l22.6 22.6c9.4 9.4 9.4 24.6 0 33.9l-136 136c-9.2 9.4-24.4 9.4-33.8 0z\"><\/path><\/svg><\/span>\n\t\t\t<span class='e-closed'><svg aria-hidden=\"true\" class=\"e-font-icon-svg e-fas-angle-right\" viewbox=\"0 0 256 512\" xmlns=\"http:\/\/www.w3.org\/2000\/svg\"><path d=\"M224.3 273l-136 136c-9.4 9.4-24.6 9.4-33.9 0l-22.6-22.6c-9.4-9.4-9.4-24.6 0-33.9l96.4-96.4-96.4-96.4c-9.4-9.4-9.4-24.6 0-33.9L54.3 103c9.4-9.4 24.6-9.4 33.9 0l136 136c9.5 9.4 9.5 24.6.1 34z\"><\/path><\/svg><\/span>\n\t\t<\/span>\n\n\t\t\t\t\t\t<\/summary>\n\t\t\t\t<div role=\"region\" aria-labelledby=\"e-n-accordion-item-3861\" class=\"elementor-element elementor-element-22cf484 e-con-full e-flex e-con e-child\" data-id=\"22cf484\" data-element_type=\"container\">\n\t\t\t\t<div class=\"elementor-element elementor-element-a1efe33 elementor-widget elementor-widget-text-editor\" data-id=\"a1efe33\" data-element_type=\"widget\" data-widget_type=\"text-editor.default\">\n\t\t\t\t<div class=\"elementor-widget-container\">\n\t\t\t\t\t\t\t\t\t<p>The system identifies the type of incident and directs the report to the appropriate department.<\/p>\t\t\t\t\t\t\t\t<\/div>\n\t\t\t\t<\/div>\n\t\t\t\t<\/div>\n\t\t\t\t\t<\/details>\n\t\t\t\t\t\t<details id=\"e-n-accordion-item-3862\" class=\"e-n-accordion-item\" >\n\t\t\t\t<summary class=\"e-n-accordion-item-title\" data-accordion-index=\"3\" tabindex=\"-1\" aria-expanded=\"false\" aria-controls=\"e-n-accordion-item-3862\" >\n\t\t\t\t\t<span class='e-n-accordion-item-title-header'><div class=\"e-n-accordion-item-title-text\"> Instant notifications <\/div><\/span>\n\t\t\t\t\t\t\t<span class='e-n-accordion-item-title-icon'>\n\t\t\t<span class='e-opened' ><svg aria-hidden=\"true\" class=\"e-font-icon-svg e-fas-angle-down\" viewbox=\"0 0 320 512\" xmlns=\"http:\/\/www.w3.org\/2000\/svg\"><path d=\"M143 352.3L7 216.3c-9.4-9.4-9.4-24.6 0-33.9l22.6-22.6c9.4-9.4 24.6-9.4 33.9 0l96.4 96.4 96.4-96.4c9.4-9.4 24.6-9.4 33.9 0l22.6 22.6c9.4 9.4 9.4 24.6 0 33.9l-136 136c-9.2 9.4-24.4 9.4-33.8 0z\"><\/path><\/svg><\/span>\n\t\t\t<span class='e-closed'><svg aria-hidden=\"true\" class=\"e-font-icon-svg e-fas-angle-right\" viewbox=\"0 0 256 512\" xmlns=\"http:\/\/www.w3.org\/2000\/svg\"><path d=\"M224.3 273l-136 136c-9.4 9.4-24.6 9.4-33.9 0l-22.6-22.6c-9.4-9.4-9.4-24.6 0-33.9l96.4-96.4-96.4-96.4c-9.4-9.4-9.4-24.6 0-33.9L54.3 103c9.4-9.4 24.6-9.4 33.9 0l136 136c9.5 9.4 9.5 24.6.1 34z\"><\/path><\/svg><\/span>\n\t\t<\/span>\n\n\t\t\t\t\t\t<\/summary>\n\t\t\t\t<div role=\"region\" aria-labelledby=\"e-n-accordion-item-3862\" class=\"elementor-element elementor-element-efed1ca e-con-full e-flex e-con e-child\" data-id=\"efed1ca\" data-element_type=\"container\">\n\t\t\t\t<div class=\"elementor-element elementor-element-74885bf elementor-widget elementor-widget-text-editor\" data-id=\"74885bf\" data-element_type=\"widget\" data-widget_type=\"text-editor.default\">\n\t\t\t\t<div class=\"elementor-widget-container\">\n\t\t\t\t\t\t\t\t\t<p>Information about the report is instantly passed on to the relevant staff.<\/p>\t\t\t\t\t\t\t\t<\/div>\n\t\t\t\t<\/div>\n\t\t\t\t<\/div>\n\t\t\t\t\t<\/details>\n\t\t\t\t\t\t<details id=\"e-n-accordion-item-3863\" class=\"e-n-accordion-item\" >\n\t\t\t\t<summary class=\"e-n-accordion-item-title\" data-accordion-index=\"4\" tabindex=\"-1\" aria-expanded=\"false\" aria-controls=\"e-n-accordion-item-3863\" >\n\t\t\t\t\t<span class='e-n-accordion-item-title-header'><div class=\"e-n-accordion-item-title-text\"> Incident monitoring  <\/div><\/span>\n\t\t\t\t\t\t\t<span class='e-n-accordion-item-title-icon'>\n\t\t\t<span class='e-opened' ><svg aria-hidden=\"true\" class=\"e-font-icon-svg e-fas-angle-down\" viewbox=\"0 0 320 512\" xmlns=\"http:\/\/www.w3.org\/2000\/svg\"><path d=\"M143 352.3L7 216.3c-9.4-9.4-9.4-24.6 0-33.9l22.6-22.6c9.4-9.4 24.6-9.4 33.9 0l96.4 96.4 96.4-96.4c9.4-9.4 24.6-9.4 33.9 0l22.6 22.6c9.4 9.4 9.4 24.6 0 33.9l-136 136c-9.2 9.4-24.4 9.4-33.8 0z\"><\/path><\/svg><\/span>\n\t\t\t<span class='e-closed'><svg aria-hidden=\"true\" class=\"e-font-icon-svg e-fas-angle-right\" viewbox=\"0 0 256 512\" xmlns=\"http:\/\/www.w3.org\/2000\/svg\"><path d=\"M224.3 273l-136 136c-9.4 9.4-24.6 9.4-33.9 0l-22.6-22.6c-9.4-9.4-9.4-24.6 0-33.9l96.4-96.4-96.4-96.4c-9.4-9.4-9.4-24.6 0-33.9L54.3 103c9.4-9.4 24.6-9.4 33.9 0l136 136c9.5 9.4 9.5 24.6.1 34z\"><\/path><\/svg><\/span>\n\t\t<\/span>\n\n\t\t\t\t\t\t<\/summary>\n\t\t\t\t<div role=\"region\" aria-labelledby=\"e-n-accordion-item-3863\" class=\"elementor-element elementor-element-de90ff9 e-con-full e-flex e-con e-child\" data-id=\"de90ff9\" data-element_type=\"container\">\n\t\t\t\t<div class=\"elementor-element elementor-element-02c0c08 elementor-widget elementor-widget-text-editor\" data-id=\"02c0c08\" data-element_type=\"widget\" data-widget_type=\"text-editor.default\">\n\t\t\t\t<div class=\"elementor-widget-container\">\n\t\t\t\t\t\t\t\t\t<p>Customers can track the status of their report at any time.<\/p>\t\t\t\t\t\t\t\t<\/div>\n\t\t\t\t<\/div>\n\t\t\t\t<\/div>\n\t\t\t\t\t<\/details>\n\t\t\t\t\t<\/div>\n\t\t\t\t\t<script type=\"application\/ld+json\">{\"@context\":\"https:\\\/\\\/schema.org\",\"@type\":\"FAQPage\",\"mainEntity\":[{\"@type\":\"Question\",\"name\":\"Ca\\u0142odobowa dost\\u0119pno\\u015b\\u0107\",\"acceptedAnswer\":{\"@type\":\"Answer\",\"text\":\"\"}},{\"@type\":\"Question\",\"name\":\"Automatyczna klasyfikacja zg\\u0142osze\\u0144\",\"acceptedAnswer\":{\"@type\":\"Answer\",\"text\":\"\"}},{\"@type\":\"Question\",\"name\":\"Natychmiastowe powiadomienia\",\"acceptedAnswer\":{\"@type\":\"Answer\",\"text\":\"\"}},{\"@type\":\"Question\",\"name\":\"Monitorowanie zg\\u0142osze\\u0144\",\"acceptedAnswer\":{\"@type\":\"Answer\",\"text\":\"\"}}]}<\/script>\n\t\t\t\t\t\t\t<\/div>\n\t\t\t\t<\/div>\n\t\t\t\t<\/div>\n\t\t\t\t<\/div>\n\t\t\t\t<\/div>\n\t\t<div class=\"elementor-element elementor-element-af5703d e-con-full e-flex e-con e-child\" data-id=\"af5703d\" data-element_type=\"container\">\n\t\t<div class=\"elementor-element elementor-element-933be43 e-con-full e-flex elementor-invisible e-con e-child\" data-id=\"933be43\" data-element_type=\"container\" data-settings=\"{&quot;animation&quot;:&quot;fadeInLeft&quot;}\">\n\t\t\t\t<div class=\"elementor-element elementor-element-232c0c3 elementor-widget elementor-widget-noxfolio-section-title\" data-id=\"232c0c3\" data-element_type=\"widget\" data-widget_type=\"noxfolio-section-title.default\">\n\t\t\t\t<div class=\"elementor-widget-container\">\n\t\t\t\t\t\t\t<div class=\"noxfolio-section-title\">\r\n\t\t\t\t\t\t<h3 class=\"title\">Example <span class=\"focus-text\">Use Cases<\/span><\/h3>\t\t<\/div>\r\n\t\t\t\t\t\t<\/div>\n\t\t\t\t<\/div>\n\t\t\t\t<div class=\"elementor-element elementor-element-d7f788c elementor-widget elementor-widget-text-editor\" data-id=\"d7f788c\" data-element_type=\"widget\" data-widget_type=\"text-editor.default\">\n\t\t\t\t<div class=\"elementor-widget-container\">\n\t\t\t\t\t\t\t\t\t<p>Minimize response time and streamline your incident management process with our voicebot!<\/p>\t\t\t\t\t\t\t\t<\/div>\n\t\t\t\t<\/div>\n\t\t\t\t<\/div>\n\t\t<div class=\"elementor-element elementor-element-84b4a8e e-con-full e-flex elementor-invisible e-con e-child\" data-id=\"84b4a8e\" data-element_type=\"container\" data-settings=\"{&quot;animation&quot;:&quot;fadeInRight&quot;}\">\n\t\t\t\t<div class=\"elementor-element elementor-element-c83222a elementor-icon-list--layout-traditional elementor-list-item-link-full_width elementor-widget elementor-widget-icon-list\" data-id=\"c83222a\" data-element_type=\"widget\" data-widget_type=\"icon-list.default\">\n\t\t\t\t<div class=\"elementor-widget-container\">\n\t\t\t\t\t\t\t<ul class=\"elementor-icon-list-items\">\n\t\t\t\t\t\t\t<li class=\"elementor-icon-list-item\">\n\t\t\t\t\t\t\t\t\t\t\t<span class=\"elementor-icon-list-icon\">\n\t\t\t\t\t\t\t<svg aria-hidden=\"true\" class=\"e-font-icon-svg e-fas-check\" viewbox=\"0 0 512 512\" xmlns=\"http:\/\/www.w3.org\/2000\/svg\"><path d=\"M173.898 439.404l-166.4-166.4c-9.997-9.997-9.997-26.206 0-36.204l36.203-36.204c9.997-9.998 26.207-9.998 36.204 0L192 312.69 432.095 72.596c9.997-9.997 26.207-9.997 36.204 0l36.203 36.204c9.997 9.997 9.997 26.206 0 36.204l-294.4 294.401c-9.998 9.997-26.207 9.997-36.204-.001z\"><\/path><\/svg>\t\t\t\t\t\t<\/span>\n\t\t\t\t\t\t\t\t\t\t<span class=\"elementor-icon-list-text\">Reporting faults in properties and buildings<\/span>\n\t\t\t\t\t\t\t\t\t<\/li>\n\t\t\t\t\t\t\t\t<li class=\"elementor-icon-list-item\">\n\t\t\t\t\t\t\t\t\t\t\t<span class=\"elementor-icon-list-icon\">\n\t\t\t\t\t\t\t<svg aria-hidden=\"true\" class=\"e-font-icon-svg e-fas-check\" viewbox=\"0 0 512 512\" xmlns=\"http:\/\/www.w3.org\/2000\/svg\"><path d=\"M173.898 439.404l-166.4-166.4c-9.997-9.997-9.997-26.206 0-36.204l36.203-36.204c9.997-9.998 26.207-9.998 36.204 0L192 312.69 432.095 72.596c9.997-9.997 26.207-9.997 36.204 0l36.203 36.204c9.997 9.997 9.997 26.206 0 36.204l-294.4 294.401c-9.998 9.997-26.207 9.997-36.204-.001z\"><\/path><\/svg>\t\t\t\t\t\t<\/span>\n\t\t\t\t\t\t\t\t\t\t<span class=\"elementor-icon-list-text\">Emergency handling of technical issues<br> (e.g., no internet, power outage)<\/span>\n\t\t\t\t\t\t\t\t\t<\/li>\n\t\t\t\t\t\t\t\t<li class=\"elementor-icon-list-item\">\n\t\t\t\t\t\t\t\t\t\t\t<span class=\"elementor-icon-list-icon\">\n\t\t\t\t\t\t\t<svg aria-hidden=\"true\" class=\"e-font-icon-svg e-fas-check\" viewbox=\"0 0 512 512\" xmlns=\"http:\/\/www.w3.org\/2000\/svg\"><path d=\"M173.898 439.404l-166.4-166.4c-9.997-9.997-9.997-26.206 0-36.204l36.203-36.204c9.997-9.998 26.207-9.998 36.204 0L192 312.69 432.095 72.596c9.997-9.997 26.207-9.997 36.204 0l36.203 36.204c9.997 9.997 9.997 26.206 0 36.204l-294.4 294.401c-9.998 9.997-26.207 9.997-36.204-.001z\"><\/path><\/svg>\t\t\t\t\t\t<\/span>\n\t\t\t\t\t\t\t\t\t\t<span class=\"elementor-icon-list-text\">Automatic routing of reports to service teams<\/span>\n\t\t\t\t\t\t\t\t\t<\/li>\n\t\t\t\t\t\t<\/ul>\n\t\t\t\t\t\t<\/div>\n\t\t\t\t<\/div>\n\t\t\t\t<\/div>\n\t\t\t\t<\/div>\n\t\t\t\t\t<\/div>\n\t\t\t\t<\/div>\n\t\t\t\t<\/div>","protected":false},"excerpt":{"rendered":"<p>Zg\u0142oszenia \u2013 Automatyczna Obs\u0142uga Zg\u0142osze\u0144 Awaryjnych Szybkie i Skuteczne Zarz\u0105dzanie Awariami Ka\u017cda sekunda ma znaczenie, gdy pojawia si\u0119 awaria. Nasz inteligentny voicebot umo\u017cliwia b\u0142yskawiczn\u0105 obs\u0142ug\u0119 zg\u0142osze\u0144 awaryjnych, eliminuj\u0105c konieczno\u015b\u0107 d\u0142ugiego oczekiwania na po\u0142\u0105czenie z konsultantem. Dzi\u0119ki automatycznemu systemowi zg\u0142osze\u0144 Tw\u00f3j biznes dzia\u0142a sprawniej, a klienci otrzymuj\u0105 natychmiastow\u0105 pomoc. Ca\u0142odobowa dost\u0119pno\u015b\u0107 Voicebot przyjmuje zg\u0142oszenia awaryjne 24\/7, [&hellip;]<\/p>","protected":false},"author":1,"featured_media":0,"parent":0,"menu_order":0,"comment_status":"closed","ping_status":"closed","template":"","meta":{"inline_featured_image":false,"footnotes":""},"class_list":["post-6593","page","type-page","status-publish","hentry"],"yoast_head":"<!-- This site is optimized with the Yoast SEO Premium plugin v25.4 (Yoast SEO v25.9) - https:\/\/yoast.com\/wordpress\/plugins\/seo\/ -->\n<title>Voicebot AI<\/title>\n<meta name=\"robots\" content=\"index, follow, max-snippet:-1, max-image-preview:large, max-video-preview:-1\" \/>\n<link rel=\"canonical\" href=\"https:\/\/callbai.com\/en\/zgloszenia\/\" \/>\n<meta property=\"og:locale\" content=\"en_US\" \/>\n<meta property=\"og:type\" content=\"article\" \/>\n<meta property=\"og:title\" content=\"Zg\u0142oszenia\" \/>\n<meta property=\"og:description\" content=\"Zg\u0142oszenia \u2013 Automatyczna Obs\u0142uga Zg\u0142osze\u0144 Awaryjnych Szybkie i Skuteczne Zarz\u0105dzanie Awariami Ka\u017cda sekunda ma znaczenie, gdy pojawia si\u0119 awaria. Nasz inteligentny voicebot umo\u017cliwia b\u0142yskawiczn\u0105 obs\u0142ug\u0119 zg\u0142osze\u0144 awaryjnych, eliminuj\u0105c konieczno\u015b\u0107 d\u0142ugiego oczekiwania na po\u0142\u0105czenie z konsultantem. Dzi\u0119ki automatycznemu systemowi zg\u0142osze\u0144 Tw\u00f3j biznes dzia\u0142a sprawniej, a klienci otrzymuj\u0105 natychmiastow\u0105 pomoc. Ca\u0142odobowa dost\u0119pno\u015b\u0107 Voicebot przyjmuje zg\u0142oszenia awaryjne 24\/7, [&hellip;]\" \/>\n<meta property=\"og:url\" content=\"https:\/\/callbai.com\/en\/zgloszenia\/\" \/>\n<meta property=\"og:site_name\" content=\"Voicebot AI\" \/>\n<meta property=\"article:modified_time\" content=\"2025-04-01T09:35:52+00:00\" \/>\n<meta name=\"twitter:card\" content=\"summary_large_image\" \/>\n<meta name=\"twitter:label1\" content=\"Est. reading time\" \/>\n\t<meta name=\"twitter:data1\" content=\"2 minutes\" \/>\n<script type=\"application\/ld+json\" class=\"yoast-schema-graph\">{\"@context\":\"https:\/\/schema.org\",\"@graph\":[{\"@type\":\"WebPage\",\"@id\":\"https:\/\/callbai.com\/zgloszenia\/\",\"url\":\"https:\/\/callbai.com\/zgloszenia\/\",\"name\":\"Voicebot AI\",\"isPartOf\":{\"@id\":\"https:\/\/callbai.com\/#website\"},\"datePublished\":\"2025-02-24T13:53:30+00:00\",\"dateModified\":\"2025-04-01T09:35:52+00:00\",\"breadcrumb\":{\"@id\":\"https:\/\/callbai.com\/zgloszenia\/#breadcrumb\"},\"inLanguage\":\"en-US\",\"potentialAction\":[{\"@type\":\"ReadAction\",\"target\":[\"https:\/\/callbai.com\/zgloszenia\/\"]}]},{\"@type\":\"BreadcrumbList\",\"@id\":\"https:\/\/callbai.com\/zgloszenia\/#breadcrumb\",\"itemListElement\":[{\"@type\":\"ListItem\",\"position\":1,\"name\":\"Strona g\u0142\u00f3wna\",\"item\":\"https:\/\/callbai.com\/\"},{\"@type\":\"ListItem\",\"position\":2,\"name\":\"Zg\u0142oszenia\"}]},{\"@type\":\"WebSite\",\"@id\":\"https:\/\/callbai.com\/#website\",\"url\":\"https:\/\/callbai.com\/\",\"name\":\"Voicebot AI\",\"description\":\"Inteligentna Automatyzacja Rozm\u00f3w | Obs\u0142uga Klienta 24\/7\",\"publisher\":{\"@id\":\"https:\/\/callbai.com\/#organization\"},\"alternateName\":\"Voicebot AI\",\"potentialAction\":[{\"@type\":\"SearchAction\",\"target\":{\"@type\":\"EntryPoint\",\"urlTemplate\":\"https:\/\/callbai.com\/?s={search_term_string}\"},\"query-input\":{\"@type\":\"PropertyValueSpecification\",\"valueRequired\":true,\"valueName\":\"search_term_string\"}}],\"inLanguage\":\"en-US\"},{\"@type\":\"Organization\",\"@id\":\"https:\/\/callbai.com\/#organization\",\"name\":\"callbai.com\",\"url\":\"https:\/\/callbai.com\/\",\"logo\":{\"@type\":\"ImageObject\",\"inLanguage\":\"en-US\",\"@id\":\"https:\/\/callbai.com\/#\/schema\/logo\/image\/\",\"url\":\"https:\/\/callbai.com\/wp-content\/uploads\/2025\/02\/Zasob-1.png\",\"contentUrl\":\"https:\/\/callbai.com\/wp-content\/uploads\/2025\/02\/Zasob-1.png\",\"width\":225,\"height\":194,\"caption\":\"callbai.com\"},\"image\":{\"@id\":\"https:\/\/callbai.com\/#\/schema\/logo\/image\/\"}}]}<\/script>\n<!-- \/ Yoast SEO Premium plugin. -->","yoast_head_json":{"title":"Voicebot AI","robots":{"index":"index","follow":"follow","max-snippet":"max-snippet:-1","max-image-preview":"max-image-preview:large","max-video-preview":"max-video-preview:-1"},"canonical":"https:\/\/callbai.com\/en\/zgloszenia\/","og_locale":"en_US","og_type":"article","og_title":"Zg\u0142oszenia","og_description":"Zg\u0142oszenia \u2013 Automatyczna Obs\u0142uga Zg\u0142osze\u0144 Awaryjnych Szybkie i Skuteczne Zarz\u0105dzanie Awariami Ka\u017cda sekunda ma znaczenie, gdy pojawia si\u0119 awaria. Nasz inteligentny voicebot umo\u017cliwia b\u0142yskawiczn\u0105 obs\u0142ug\u0119 zg\u0142osze\u0144 awaryjnych, eliminuj\u0105c konieczno\u015b\u0107 d\u0142ugiego oczekiwania na po\u0142\u0105czenie z konsultantem. Dzi\u0119ki automatycznemu systemowi zg\u0142osze\u0144 Tw\u00f3j biznes dzia\u0142a sprawniej, a klienci otrzymuj\u0105 natychmiastow\u0105 pomoc. Ca\u0142odobowa dost\u0119pno\u015b\u0107 Voicebot przyjmuje zg\u0142oszenia awaryjne 24\/7, [&hellip;]","og_url":"https:\/\/callbai.com\/en\/zgloszenia\/","og_site_name":"Voicebot AI","article_modified_time":"2025-04-01T09:35:52+00:00","twitter_card":"summary_large_image","twitter_misc":{"Est. reading time":"2 minutes"},"schema":{"@context":"https:\/\/schema.org","@graph":[{"@type":"WebPage","@id":"https:\/\/callbai.com\/zgloszenia\/","url":"https:\/\/callbai.com\/zgloszenia\/","name":"Voicebot AI","isPartOf":{"@id":"https:\/\/callbai.com\/#website"},"datePublished":"2025-02-24T13:53:30+00:00","dateModified":"2025-04-01T09:35:52+00:00","breadcrumb":{"@id":"https:\/\/callbai.com\/zgloszenia\/#breadcrumb"},"inLanguage":"en-US","potentialAction":[{"@type":"ReadAction","target":["https:\/\/callbai.com\/zgloszenia\/"]}]},{"@type":"BreadcrumbList","@id":"https:\/\/callbai.com\/zgloszenia\/#breadcrumb","itemListElement":[{"@type":"ListItem","position":1,"name":"Strona g\u0142\u00f3wna","item":"https:\/\/callbai.com\/"},{"@type":"ListItem","position":2,"name":"Zg\u0142oszenia"}]},{"@type":"WebSite","@id":"https:\/\/callbai.com\/#website","url":"https:\/\/callbai.com\/","name":"Voicebot AI","description":"Inteligentna Automatyzacja Rozm\u00f3w | Obs\u0142uga Klienta 24\/7","publisher":{"@id":"https:\/\/callbai.com\/#organization"},"alternateName":"Voicebot AI","potentialAction":[{"@type":"SearchAction","target":{"@type":"EntryPoint","urlTemplate":"https:\/\/callbai.com\/?s={search_term_string}"},"query-input":{"@type":"PropertyValueSpecification","valueRequired":true,"valueName":"search_term_string"}}],"inLanguage":"en-US"},{"@type":"Organization","@id":"https:\/\/callbai.com\/#organization","name":"callbai.com","url":"https:\/\/callbai.com\/","logo":{"@type":"ImageObject","inLanguage":"en-US","@id":"https:\/\/callbai.com\/#\/schema\/logo\/image\/","url":"https:\/\/callbai.com\/wp-content\/uploads\/2025\/02\/Zasob-1.png","contentUrl":"https:\/\/callbai.com\/wp-content\/uploads\/2025\/02\/Zasob-1.png","width":225,"height":194,"caption":"callbai.com"},"image":{"@id":"https:\/\/callbai.com\/#\/schema\/logo\/image\/"}}]}},"_links":{"self":[{"href":"https:\/\/callbai.com\/en\/wp-json\/wp\/v2\/pages\/6593","targetHints":{"allow":["GET"]}}],"collection":[{"href":"https:\/\/callbai.com\/en\/wp-json\/wp\/v2\/pages"}],"about":[{"href":"https:\/\/callbai.com\/en\/wp-json\/wp\/v2\/types\/page"}],"author":[{"embeddable":true,"href":"https:\/\/callbai.com\/en\/wp-json\/wp\/v2\/users\/1"}],"replies":[{"embeddable":true,"href":"https:\/\/callbai.com\/en\/wp-json\/wp\/v2\/comments?post=6593"}],"version-history":[{"count":12,"href":"https:\/\/callbai.com\/en\/wp-json\/wp\/v2\/pages\/6593\/revisions"}],"predecessor-version":[{"id":7095,"href":"https:\/\/callbai.com\/en\/wp-json\/wp\/v2\/pages\/6593\/revisions\/7095"}],"wp:attachment":[{"href":"https:\/\/callbai.com\/en\/wp-json\/wp\/v2\/media?parent=6593"}],"curies":[{"name":"wp","href":"https:\/\/api.w.org\/{rel}","templated":true}]}}